{"id":88397,"date":"2022-08-09T16:25:06","date_gmt":"2022-08-09T16:25:06","guid":{"rendered":"https:\/\/staging.everbridge.com\/?page_id=88397"},"modified":"2023-10-05T14:54:09","modified_gmt":"2023-10-05T14:54:09","slug":"support","status":"publish","type":"page","link":"https:\/\/staging.everbridge.com\/no\/customers\/support\/","title":{"rendered":"\u00a0Support\u00a0"},"content":{"rendered":"<div class=\"wp-block-tenup-hero-inside-rebrand\">\n\t<div class=\"hero-inside-block-rebrand\">\n\t\t<div class=\"hero-inside-container\">\n\t\t\t\n\n<div class=\"wp-block-columns is-layout-flex wp-container-core-columns-is-layout-9d6595d7 wp-block-columns-is-layout-flex\">\n<div class=\"wp-block-column hero-inside-column hero-inside-left is-layout-flow wp-block-column-is-layout-flow\" style=\"flex-basis:50%\">\n<h6 class=\"wp-block-heading hero-sub-title\" id=\"h-\"><\/h6>\n\n\n\n<h1 class=\"wp-block-heading hero-entry-title\" id=\"h-support\">Support<\/h1>\n\n\n\n<p class=\"hero-content lead \"><\/p>\n\n\n<\/div>\n\n\n\n<div class=\"wp-block-column hero-inside-column hero-inside-right is-layout-flow wp-block-column-is-layout-flow\" style=\"flex-basis:50%\">\n<figure class=\"wp-block-image aligncenter size-full is-resized hero-image-wrap\"><div class=\"wp-block-image-wrap\"><img loading=\"lazy\" decoding=\"async\" src=\"https:\/\/staging.everbridge.com\/no\/wp-content\/uploads\/sites\/7\/2023\/10\/support-2023.png\" alt=\"woman on phone to technical support\" class=\"wp-image-92027\" style=\"width:450px\" width=\"599\" height=\"598\" srcset=\"https:\/\/staging.everbridge.com\/no\/wp-content\/uploads\/sites\/7\/2023\/10\/support-2023.png 599w, https:\/\/staging.everbridge.com\/no\/wp-content\/uploads\/sites\/7\/2023\/10\/support-2023-300x300.png 300w, https:\/\/staging.everbridge.com\/no\/wp-content\/uploads\/sites\/7\/2023\/10\/support-2023-150x150.png 150w\" sizes=\"auto, (max-width: 599px) 100vw, 599px\" \/><\/div><\/figure>\n<\/div>\n<\/div>\n\n\t\t<\/div>\n\t<\/div>\n<\/div>\n\n\n\n<div class=\"wp-block-group is-layout-flow wp-block-group-is-layout-flow\">\n<div class=\"wp-block-columns is-layout-flex wp-container-core-columns-is-layout-9d6595d7 wp-block-columns-is-layout-flex\">\n<div class=\"wp-block-column is-layout-flow wp-block-column-is-layout-flow\">\n<p class=\"\">For kundest\u00f8tte, vennligst logg inn p\u00e5 Everbridge Support Center for \u00e5 s\u00f8ke i kunnskapsbaseartikler, f\u00e5 tilgang til Everbridge University on-demand oppl\u00e6ring og sertifiseringer. Det kan du ogs\u00e5 se servicer\u00e5d, sende inn en ny kundest\u00f8ttesak og administrere eksisterende st\u00f8ttesaker.<\/p>\n\n\n\n<p class=\"\">Everbridge Suite-brukere kan f\u00e5 tilgang til st\u00f8ttesenteret fra&nbsp;<a href=\"https:\/\/manager.everbridge.net\/\" target=\"_blank\" rel=\"noreferrer noopener\">Everbridge Manager Portal<\/a>&nbsp;etter \u00e5 ha logget p\u00e5 ved \u00e5 velge \u201cHjelp og st\u00f8tte\u201d helt til h\u00f8yre p\u00e5 siden, og deretter Everbridge Support Center-koblingen. Hvis du ikke har tilgang til lederportalen, kan du logge p\u00e5 eller registrere deg for en konto p\u00e5&nbsp;<a href=\"https:\/\/support.everbridge.com\/\" target=\"_blank\" rel=\"noreferrer noopener\">support.everbridge.com<\/a>.<\/p>\n\n\n\n<p class=\"\">Visual Command Center og Visual Fusion-kunder som s\u00f8ker produktst\u00f8tte b\u00f8r logge inn\/registrere seg p\u00e5&nbsp;<a href=\"https:\/\/support.visualcommandcenter.com\/\" target=\"_blank\" rel=\"noreferrer noopener\">support.visualcommandcenter.com<\/a>&nbsp;eller sende en e-postforesp\u00f8rsel til&nbsp;<a href=\"mailto:vccsupport@everbridge.com\">vccsupport@everbridge.com<\/a>.<\/p>\n\n\n\n<p class=\"\">Hvis du trenger hjelp med \u00e5 f\u00e5 tilgang til din eksisterende st\u00f8ttesenterkonto, vennligst kontakt Everbridge kundest\u00f8tteteam ved \u00e5 sende en e-post til support@everbridge.com.<\/p>\n<\/div>\n<\/div>\n<\/div>\n\n\n\n<div class=\"wp-block-group cards-image-wrap-pattern-rebrand cards-image-on-left-pattern-rebrand is-layout-flow wp-block-group-is-layout-flow\">\n<div class=\"wp-block-columns is-layout-flex wp-container-core-columns-is-layout-9d6595d7 wp-block-columns-is-layout-flex\">\n<div class=\"wp-block-column is-layout-flow wp-block-column-is-layout-flow\" style=\"flex-basis:40%\">\n<figure class=\"wp-block-image aligncenter size-full is-style-default\"><img loading=\"lazy\" decoding=\"async\" src=\"https:\/\/staging.everbridge.com\/no\/wp-content\/uploads\/sites\/7\/2023\/10\/lone-worker-badging-product-screenshot-rebranded.png\" alt=\"Lone Worker Badging Product Screenshot Rebranded\" class=\"wp-image-92028\"\/ width=\"692\" height=\"461\" srcset=\"https:\/\/staging.everbridge.com\/no\/wp-content\/uploads\/sites\/7\/2023\/10\/lone-worker-badging-product-screenshot-rebranded.png 692w, https:\/\/staging.everbridge.com\/no\/wp-content\/uploads\/sites\/7\/2023\/10\/lone-worker-badging-product-screenshot-rebranded-300x200.png 300w\" sizes=\"auto, (max-width: 692px) 100vw, 692px\" \/><\/figure>\n<\/div>\n\n\n\n<div class=\"wp-block-column is-layout-flow wp-block-column-is-layout-flow\" style=\"flex-basis:60%\">\n<h2 class=\"wp-block-heading\" id=\"h-send-en-melding\">Send en melding<\/h2>\n\n\n\n<p class=\"\">Autentiserte Everbridge-brukere kan sende et standard- eller n\u00f8dvarsel ved \u00e5 logge p\u00e5 Everbridge-plattformen via en nettleser eller mobilapplikasjon. Denne metoden for \u00e5 f\u00e5 tilgang til Everbridge-plattformen gir flest alternativer og fleksibilitet for \u00e5 sende varsler.<\/p>\n\n\n\n<div class=\"wp-block-buttons is-layout-flex wp-block-buttons-is-layout-flex\">\n<div class=\"wp-block-button is-style-button-style-1\"><a class=\"wp-block-button__link wp-element-button\" href=\"https:\/\/manager.everbridge.eu\/login\">LOGG P\u00c5 EVERBRIDGE-PLATTFORMEN<\/a><\/div>\n<\/div>\n<\/div>\n<\/div>\n<\/div>\n\n\n\n<div class=\"wp-block-columns is-layout-flex wp-container-core-columns-is-layout-9d6595d7 wp-block-columns-is-layout-flex\">\n<div class=\"wp-block-column is-layout-flow wp-block-column-is-layout-flow\">\n<h2 class=\"wp-block-heading has-717-b-80-color has-text-color\">Emergency Live Operator Service<\/h2>\n<\/div>\n<\/div>\n\n\n\n<div class=\"wp-block-columns is-layout-flex wp-container-core-columns-is-layout-9d6595d7 wp-block-columns-is-layout-flex\">\n<div class=\"wp-block-column is-layout-flow wp-block-column-is-layout-flow\">\n<p class=\"\">For n\u00f8dmeldinger, der tilgang til Everbridge-l\u00f8sningene via en nettleser eller mobilapplikasjon ikke er tilgjengelig, kan alle brukere ringe v\u00e5r Emergency Live Operator telefonlinje og en representant vil hjelpe deg med \u00e5 sende et n\u00f8dvarsel.<\/p>\n<\/div>\n<\/div>\n\n\n\n<div class=\"wp-block-columns is-layout-flex wp-container-core-columns-is-layout-9d6595d7 wp-block-columns-is-layout-flex\">\n<div class=\"wp-block-column is-layout-flow wp-block-column-is-layout-flow\">\n<figure class=\"wp-block-table is-style-stripes\"><table data-nosnippet><tbody><tr><td><strong>Global Direct Emergency Live Operator<\/strong><\/td><td><strong>+1 818-230-9797<\/strong><\/td><\/tr><tr><td> <\/td><td><\/td><\/tr><tr><td><strong>North America Toll Free Emergency Live Operator<\/strong><\/td><td><\/td><\/tr><tr><td>United States &amp; Canada<\/td><td>877-220-4911<\/td><\/tr><tr><td> <\/td><td><\/td><\/tr><tr><td> <\/td><td><\/td><\/tr><tr><td><strong>EMEA Toll Free Emergency Live Operator<\/strong><\/td><td><\/td><\/tr><tr><td>France<\/td><td>0-805-08-06-13<\/td><\/tr><tr><td>Germany<\/td><td>0800-181-9027<\/td><\/tr><tr><td>Spain<\/td><td>900-83-88-75<\/td><\/tr><tr><td>United Kingdom<\/td><td>(0) 800-098-8273<\/td><\/tr><tr><td> <\/td><td><\/td><\/tr><tr><td><strong>APAC Toll Free Emergency Live Operator<\/strong><\/td><td><\/td><\/tr><tr><td>Australia<\/td><td>+61 (1300) 816168<\/td><\/tr><tr><td>Singapore<\/td><td>+65 3165 5672<\/td><\/tr><\/tbody><\/table><\/figure>\n<\/div>\n<\/div>\n\n\n\n<div class=\"wp-block-columns is-layout-flex wp-container-core-columns-is-layout-9d6595d7 wp-block-columns-is-layout-flex\">\n<div class=\"wp-block-column is-layout-flow wp-block-column-is-layout-flow\">\n<div style=\"height:100px\" aria-hidden=\"true\" class=\"wp-block-spacer\"><\/div>\n<\/div>\n<\/div>\n","protected":false},"excerpt":{"rendered":"<p>For kundest\u00f8tte, vennligst logg inn p\u00e5 Everbridge Support Center for \u00e5 s\u00f8ke i kunnskapsbaseartikler, f\u00e5 tilgang til Everbridge University on-demand\u2026 <\/p>\n","protected":false},"author":1,"featured_media":0,"parent":88396,"menu_order":0,"comment_status":"closed","ping_status":"closed","template":"","meta":{"_trash_the_other_posts":false,"_hide_footer":false,"resource_type":[],"editor_notices":[],"footnotes":"","page_schemas":[]},"coauthors":[],"class_list":["post-88397","page","type-page","status-publish","hentry"],"yoast_primary_category":null,"featured_image_src":null,"yoast_head":"<!-- This site is optimized with the Yoast SEO plugin v27.3 - https:\/\/yoast.com\/product\/yoast-seo-wordpress\/ -->\n<title>\u00a0Support\u00a0 - Everbridge - Norsk Bokmal<\/title>\n<meta name=\"robots\" content=\"index, follow, max-snippet:-1, max-image-preview:large, max-video-preview:-1\" \/>\n<link rel=\"canonical\" href=\"https:\/\/staging.everbridge.com\/no\/customers\/support\/\" \/>\n<meta property=\"og:locale\" content=\"nb_NO\" \/>\n<meta property=\"og:type\" content=\"article\" \/>\n<meta property=\"og:title\" content=\"\u00a0Support\u00a0 - Everbridge - Norsk Bokmal\" \/>\n<meta property=\"og:description\" content=\"For kundest\u00f8tte, vennligst logg inn p\u00e5 Everbridge Support Center for \u00e5 s\u00f8ke i kunnskapsbaseartikler, f\u00e5 tilgang til Everbridge University on-demand\u2026\" \/>\n<meta property=\"og:url\" content=\"https:\/\/staging.everbridge.com\/no\/customers\/support\/\" \/>\n<meta property=\"og:site_name\" content=\"Everbridge - Norsk Bokmal\" \/>\n<meta property=\"article:modified_time\" content=\"2023-10-05T14:54:09+00:00\" \/>\n<meta property=\"og:image\" content=\"https:\/\/staging.everbridge.com\/no\/wp-content\/uploads\/sites\/7\/2023\/10\/support-2023.png\" \/>\n<meta name=\"twitter:card\" content=\"summary_large_image\" \/>\n<meta name=\"twitter:label1\" content=\"Est. reading time\" \/>\n\t<meta name=\"twitter:data1\" content=\"2 minutes\" \/>\n<script type=\"application\/ld+json\" class=\"yoast-schema-graph\">{\"@context\":\"https:\\\/\\\/schema.org\",\"@graph\":[{\"@type\":\"WebPage\",\"@id\":\"https:\\\/\\\/staging.everbridge.com\\\/no\\\/customers\\\/support\\\/\",\"url\":\"https:\\\/\\\/staging.everbridge.com\\\/no\\\/customers\\\/support\\\/\",\"name\":\"\u00a0Support\u00a0 - Everbridge - Norsk Bokmal\",\"isPartOf\":{\"@id\":\"https:\\\/\\\/staging.everbridge.com\\\/no\\\/#website\"},\"primaryImageOfPage\":{\"@id\":\"https:\\\/\\\/staging.everbridge.com\\\/no\\\/customers\\\/support\\\/#primaryimage\"},\"image\":{\"@id\":\"https:\\\/\\\/staging.everbridge.com\\\/no\\\/customers\\\/support\\\/#primaryimage\"},\"thumbnailUrl\":\"https:\\\/\\\/staging.everbridge.com\\\/no\\\/wp-content\\\/uploads\\\/sites\\\/7\\\/2023\\\/10\\\/support-2023.png\",\"datePublished\":\"2022-08-09T16:25:06+00:00\",\"dateModified\":\"2023-10-05T14:54:09+00:00\",\"breadcrumb\":{\"@id\":\"https:\\\/\\\/staging.everbridge.com\\\/no\\\/customers\\\/support\\\/#breadcrumb\"},\"inLanguage\":\"nb-NO\",\"potentialAction\":[{\"@type\":\"ReadAction\",\"target\":[\"https:\\\/\\\/staging.everbridge.com\\\/no\\\/customers\\\/support\\\/\"]}]},{\"@type\":\"ImageObject\",\"inLanguage\":\"nb-NO\",\"@id\":\"https:\\\/\\\/staging.everbridge.com\\\/no\\\/customers\\\/support\\\/#primaryimage\",\"url\":\"https:\\\/\\\/staging.everbridge.com\\\/no\\\/wp-content\\\/uploads\\\/sites\\\/7\\\/2023\\\/10\\\/support-2023.png\",\"contentUrl\":\"https:\\\/\\\/staging.everbridge.com\\\/no\\\/wp-content\\\/uploads\\\/sites\\\/7\\\/2023\\\/10\\\/support-2023.png\",\"width\":599,\"height\":598,\"caption\":\"woman on phone to technical support\"},{\"@type\":\"BreadcrumbList\",\"@id\":\"https:\\\/\\\/staging.everbridge.com\\\/no\\\/customers\\\/support\\\/#breadcrumb\",\"itemListElement\":[{\"@type\":\"ListItem\",\"position\":1,\"name\":\"Home\",\"item\":\"https:\\\/\\\/staging.everbridge.com\\\/no\\\/\"},{\"@type\":\"ListItem\",\"position\":2,\"name\":\"customers\",\"item\":\"https:\\\/\\\/staging.everbridge.com\\\/no\\\/customers\\\/\"},{\"@type\":\"ListItem\",\"position\":3,\"name\":\"\u00a0Support\u00a0\"}]},{\"@type\":\"WebSite\",\"@id\":\"https:\\\/\\\/staging.everbridge.com\\\/no\\\/#website\",\"url\":\"https:\\\/\\\/staging.everbridge.com\\\/no\\\/\",\"name\":\"Everbridge - Norsk Bokmal\",\"description\":\"Just another staging.everbridge.com site\",\"publisher\":{\"@id\":\"https:\\\/\\\/staging.everbridge.com\\\/no\\\/#organization\"},\"potentialAction\":[{\"@type\":\"SearchAction\",\"target\":{\"@type\":\"EntryPoint\",\"urlTemplate\":\"https:\\\/\\\/staging.everbridge.com\\\/no\\\/?s={search_term_string}\"},\"query-input\":{\"@type\":\"PropertyValueSpecification\",\"valueRequired\":true,\"valueName\":\"search_term_string\"}}],\"inLanguage\":\"nb-NO\"},{\"@type\":\"Organization\",\"@id\":\"https:\\\/\\\/staging.everbridge.com\\\/no\\\/#organization\",\"name\":\"Everbridge - Norsk Bokmal\",\"url\":\"https:\\\/\\\/staging.everbridge.com\\\/no\\\/\",\"logo\":{\"@type\":\"ImageObject\",\"inLanguage\":\"nb-NO\",\"@id\":\"https:\\\/\\\/staging.everbridge.com\\\/no\\\/#\\\/schema\\\/logo\\\/image\\\/\",\"url\":\"https:\\\/\\\/staging.everbridge.com\\\/no\\\/wp-content\\\/uploads\\\/sites\\\/7\\\/2023\\\/03\\\/EVBG-Logo-Full-Color-RGB.svg\",\"contentUrl\":\"https:\\\/\\\/staging.everbridge.com\\\/no\\\/wp-content\\\/uploads\\\/sites\\\/7\\\/2023\\\/03\\\/EVBG-Logo-Full-Color-RGB.svg\",\"width\":1568,\"height\":310,\"caption\":\"Everbridge - Norsk Bokmal\"},\"image\":{\"@id\":\"https:\\\/\\\/staging.everbridge.com\\\/no\\\/#\\\/schema\\\/logo\\\/image\\\/\"}}]}<\/script>\n<!-- \/ Yoast SEO plugin. -->","yoast_head_json":{"title":"\u00a0Support\u00a0 - Everbridge - Norsk Bokmal","robots":{"index":"index","follow":"follow","max-snippet":"max-snippet:-1","max-image-preview":"max-image-preview:large","max-video-preview":"max-video-preview:-1"},"canonical":"https:\/\/staging.everbridge.com\/no\/customers\/support\/","og_locale":"nb_NO","og_type":"article","og_title":"\u00a0Support\u00a0 - Everbridge - Norsk Bokmal","og_description":"For kundest\u00f8tte, vennligst logg inn p\u00e5 Everbridge Support Center for \u00e5 s\u00f8ke i kunnskapsbaseartikler, f\u00e5 tilgang til Everbridge University on-demand\u2026","og_url":"https:\/\/staging.everbridge.com\/no\/customers\/support\/","og_site_name":"Everbridge - Norsk Bokmal","article_modified_time":"2023-10-05T14:54:09+00:00","og_image":[{"url":"https:\/\/staging.everbridge.com\/no\/wp-content\/uploads\/sites\/7\/2023\/10\/support-2023.png","type":"","width":"","height":""}],"twitter_card":"summary_large_image","twitter_misc":{"Est. reading time":"2 minutes"},"schema":{"@context":"https:\/\/schema.org","@graph":[{"@type":"WebPage","@id":"https:\/\/staging.everbridge.com\/no\/customers\/support\/","url":"https:\/\/staging.everbridge.com\/no\/customers\/support\/","name":"\u00a0Support\u00a0 - Everbridge - Norsk Bokmal","isPartOf":{"@id":"https:\/\/staging.everbridge.com\/no\/#website"},"primaryImageOfPage":{"@id":"https:\/\/staging.everbridge.com\/no\/customers\/support\/#primaryimage"},"image":{"@id":"https:\/\/staging.everbridge.com\/no\/customers\/support\/#primaryimage"},"thumbnailUrl":"https:\/\/staging.everbridge.com\/no\/wp-content\/uploads\/sites\/7\/2023\/10\/support-2023.png","datePublished":"2022-08-09T16:25:06+00:00","dateModified":"2023-10-05T14:54:09+00:00","breadcrumb":{"@id":"https:\/\/staging.everbridge.com\/no\/customers\/support\/#breadcrumb"},"inLanguage":"nb-NO","potentialAction":[{"@type":"ReadAction","target":["https:\/\/staging.everbridge.com\/no\/customers\/support\/"]}]},{"@type":"ImageObject","inLanguage":"nb-NO","@id":"https:\/\/staging.everbridge.com\/no\/customers\/support\/#primaryimage","url":"https:\/\/staging.everbridge.com\/no\/wp-content\/uploads\/sites\/7\/2023\/10\/support-2023.png","contentUrl":"https:\/\/staging.everbridge.com\/no\/wp-content\/uploads\/sites\/7\/2023\/10\/support-2023.png","width":599,"height":598,"caption":"woman on phone to technical support"},{"@type":"BreadcrumbList","@id":"https:\/\/staging.everbridge.com\/no\/customers\/support\/#breadcrumb","itemListElement":[{"@type":"ListItem","position":1,"name":"Home","item":"https:\/\/staging.everbridge.com\/no\/"},{"@type":"ListItem","position":2,"name":"customers","item":"https:\/\/staging.everbridge.com\/no\/customers\/"},{"@type":"ListItem","position":3,"name":"\u00a0Support\u00a0"}]},{"@type":"WebSite","@id":"https:\/\/staging.everbridge.com\/no\/#website","url":"https:\/\/staging.everbridge.com\/no\/","name":"Everbridge - Norsk Bokmal","description":"Just another staging.everbridge.com site","publisher":{"@id":"https:\/\/staging.everbridge.com\/no\/#organization"},"potentialAction":[{"@type":"SearchAction","target":{"@type":"EntryPoint","urlTemplate":"https:\/\/staging.everbridge.com\/no\/?s={search_term_string}"},"query-input":{"@type":"PropertyValueSpecification","valueRequired":true,"valueName":"search_term_string"}}],"inLanguage":"nb-NO"},{"@type":"Organization","@id":"https:\/\/staging.everbridge.com\/no\/#organization","name":"Everbridge - Norsk Bokmal","url":"https:\/\/staging.everbridge.com\/no\/","logo":{"@type":"ImageObject","inLanguage":"nb-NO","@id":"https:\/\/staging.everbridge.com\/no\/#\/schema\/logo\/image\/","url":"https:\/\/staging.everbridge.com\/no\/wp-content\/uploads\/sites\/7\/2023\/03\/EVBG-Logo-Full-Color-RGB.svg","contentUrl":"https:\/\/staging.everbridge.com\/no\/wp-content\/uploads\/sites\/7\/2023\/03\/EVBG-Logo-Full-Color-RGB.svg","width":1568,"height":310,"caption":"Everbridge - Norsk Bokmal"},"image":{"@id":"https:\/\/staging.everbridge.com\/no\/#\/schema\/logo\/image\/"}}]}},"get_extra_meta_fields":{"date_format":"F j, Y","is_summary":false,"description":"For kundest\u00f8tte, vennligst logg inn p\u00e5 Everbridge Support Center for \u00e5 s\u00f8ke i kunnskapsbaseartikler, f\u00e5 tilgang til Everbridge University on-demand\u2026 ","external_url":"https:\/\/staging.everbridge.com\/no\/customers\/support\/","link_text":"Read more"},"get_external_url":"https:\/\/staging.everbridge.com\/no\/customers\/support\/","get_external_title":"Read more","get_term_title":{"author":""},"_links":{"self":[{"href":"https:\/\/staging.everbridge.com\/no\/wp-json\/wp\/v2\/pages\/88397","targetHints":{"allow":["GET"]}}],"collection":[{"href":"https:\/\/staging.everbridge.com\/no\/wp-json\/wp\/v2\/pages"}],"about":[{"href":"https:\/\/staging.everbridge.com\/no\/wp-json\/wp\/v2\/types\/page"}],"author":[{"embeddable":true,"href":"https:\/\/staging.everbridge.com\/no\/wp-json\/wp\/v2\/users\/1"}],"replies":[{"embeddable":true,"href":"https:\/\/staging.everbridge.com\/no\/wp-json\/wp\/v2\/comments?post=88397"}],"version-history":[{"count":0,"href":"https:\/\/staging.everbridge.com\/no\/wp-json\/wp\/v2\/pages\/88397\/revisions"}],"up":[{"embeddable":true,"href":"https:\/\/staging.everbridge.com\/no\/wp-json\/wp\/v2\/pages\/88396"}],"wp:attachment":[{"href":"https:\/\/staging.everbridge.com\/no\/wp-json\/wp\/v2\/media?parent=88397"}],"wp:term":[{"taxonomy":"author","embeddable":true,"href":"https:\/\/staging.everbridge.com\/no\/wp-json\/wp\/v2\/coauthors?post=88397"}],"curies":[{"name":"wp","href":"https:\/\/api.w.org\/{rel}","templated":true}]}}