{"id":92288,"date":"2025-01-29T11:41:25","date_gmt":"2025-01-29T11:41:25","guid":{"rendered":"https:\/\/staging.everbridge.com\/fr\/?page_id=92288"},"modified":"2025-01-29T11:41:26","modified_gmt":"2025-01-29T11:41:26","slug":"customer-stories","status":"publish","type":"page","link":"https:\/\/staging.everbridge.com\/fr\/ressources\/customer-stories\/","title":{"rendered":"Customer Stories"},"content":{"rendered":"<div class=\"wp-block-tenup-hero-inside-rebrand\">\n\t<div class=\"hero-inside-block-rebrand\">\n\t\t<div class=\"hero-inside-container\">\n\t\t\t\n\n<div class=\"wp-block-columns is-layout-flex wp-container-core-columns-is-layout-9d6595d7 wp-block-columns-is-layout-flex\">\n<div class=\"wp-block-column hero-inside-column hero-inside-left is-layout-flow wp-block-column-is-layout-flow\" style=\"flex-basis:50%\">\n<h6 class=\"wp-block-heading hero-sub-title\" id=\"h-\"><\/h6>\n\n\n\n<h1 class=\"wp-block-heading hero-entry-title\" id=\"h-customer-stories\">Customer Stories<\/h1>\n\n\n\n<p class=\"hero-content lead \">Rapports actuels sur des exemples d&#8217;application et des histoires de succ\u00e8s de nos clients multisectoriels.<\/p>\n\n\n\n<div class=\"wp-block-button is-style-button-style-1\"><a class=\"wp-block-button__link wp-element-button\" href=\"https:\/\/staging.everbridge.com\/fr\/demo\">Planifier une d\u00e9mo<\/a><\/div>\n<\/div>\n\n\n\n<div class=\"wp-block-column hero-inside-column hero-inside-right is-layout-flow wp-block-column-is-layout-flow\" style=\"flex-basis:50%\">\n<figure class=\"wp-block-image alignleft size-full hero-image-wrap is-style-rc-right-top\"><div class=\"wp-block-image-wrap\"><img decoding=\"async\" src=\"https:\/\/staging.everbridge.com\/wp-content\/uploads\/2023\/07\/GettyImages-1395188060-CustomerStories.jpg\" alt=\"Handshake during meeting\" class=\"wp-image-96549\" \/><\/div><\/figure>\n<\/div>\n<\/div>\n\n\t\t<\/div>\n\t<\/div>\n<\/div>\n\n\n\n<div class=\"container\">\n\t<div class=\"event-filter\">\n\t<form method=\"GET\" id=\"js_event_filter_form\" name=\"event_filter_form\" action=\"https:\/\/staging.everbridge.com\/fr\/ressources\/customer-stories\/\">\n\t\t<div class=\"event-items\">\n\t\t\t<div class=\"event-item event-item--label\">\n\t\t\t\t<strong>Filter by<\/strong>\n\t\t\t<\/div>\n\t\t\t\t<div class=\"event-item select-wrap\">\n\t\t<select name=\"resource_type\" class=\"select-field\">\n\t\t\t<option value=\"\">All Types<\/option>\n\t\t\t<option  value=\"84\" >Best Practices<\/option><option  data-special=\"blog\">Blog<\/option><option  selected='selected' value=\"82\" >Customer Story<\/option><option  value=\"89\" >Event<\/option><option  value=\"91\" >Product Demo<\/option><option  value=\"90\" >Report<\/option><option  value=\"92\" >Video<\/option><option  value=\"88\" >Webinar<\/option>\t\t<\/select>\n\t<\/div>\n\t\t<div class=\"event-item select-wrap\">\n\t\t<select name=\"use_case\" class=\"select-field\">\n\t\t\t<option value=\"\">All Use Cases<\/option>\n\t\t\t<option  value=\"62\" >Anticipate and Prevent Disruptions to Operations<\/option><option  value=\"70\" >Automate IT Response<\/option><option  value=\"65\" >Business Continuity Planning<\/option><option  value=\"64\" >CMS Emergency Preparedness<\/option><option  value=\"63\" >Crisis Communications<\/option><option  value=\"66\" >Duty of Care<\/option><option  value=\"71\" >InfoSec Response<\/option><option  value=\"72\" >IT Incident Management<\/option><option  value=\"73\" >IT Service Continuity and Recovery<\/option><option  value=\"67\" >Keep Employees Safe Everywhere<\/option><option  value=\"68\" >Lone Worker Safety<\/option><option  value=\"81\" >Severe Weather Preparedness<\/option><option  value=\"69\" >Workplace Violence<\/option>\t\t<\/select>\n\t<\/div>\n\t\t<div class=\"event-item select-wrap\">\n\t\t<select name=\"industry\" class=\"select-field\">\n\t\t\t<option value=\"\">All Industries<\/option>\n\t\t\t<option  value=\"74\" >Corporate<\/option><option  value=\"75\" >Education<\/option><option  value=\"76\" >Energy + Utilities<\/option><option  value=\"77\" >Government + Federal Agencies<\/option><option  value=\"78\" >Hospitals + Healthcare Systems<\/option><option  value=\"80\" >Retail + eCommerce<\/option><option  value=\"79\" >States + Local Governments<\/option>\t\t<\/select>\n\t<\/div>\n\t\t<div class=\"event-item select-wrap\">\n\t\t<select name=\"resource_region\" class=\"select-field\">\n\t\t\t<option value=\"\">All Regions<\/option>\n\t\t\t\t\t<\/select>\n\t<\/div>\n\t\t\t\t\t\t\t\t<div class=\"event-item actions\">\n\t\t\t\t\t<button type=\"reset\" class=\"button-style-1\" >Clear filters<\/button>\n\t\t\t\t<\/div>\n\t\t\t\n\t\t<\/div>\n\t<\/form>\n<\/div>\n\t\t\t\t\t<div class=\"event-filter-content\">\n\t\t\t\t\t\t<div class=\"event-grid\">\n\t\t\t\t\t\t\t<article id=\"post-92249\" class=\"post-92249 resource type-resource status-publish has-post-thumbnail hentry use_case-business-continuity-planning use_case-keep-employees-safe-everywhere industry-hospitals-healthcare resource_type-customer-story medium-digital-asset\">\n\t<header>\n\t\t<div class=\"post-thumbnail image-wrapper\"><a target=\"_self\" href=\"https:\/\/staging.everbridge.com\/fr\/resource\/everbridge-au-service-du-ziekenhuis-netwerk-antwerpen-zna-7-jours-sur-7-et-24-heures-sur-24\/\"><img width=\"360\" height=\"200\" src=\"https:\/\/staging.everbridge.com\/fr\/wp-content\/uploads\/sites\/6\/2024\/04\/Healthcare-communications-360x200.png\" class=\"attachment-fp-featured-thumb size-fp-featured-thumb wp-post-image\" alt=\"Everbridge au service du Ziekenhuis Netwerk Antwerpen (ZNA) 7 jours sur 7 et 24 heures sur 24\u00a0\" loading=\"lazy\" decoding=\"async\" srcset=\"https:\/\/staging.everbridge.com\/fr\/wp-content\/uploads\/sites\/6\/2024\/04\/Healthcare-communications-360x200.png 360w, https:\/\/staging.everbridge.com\/fr\/wp-content\/uploads\/sites\/6\/2024\/04\/Healthcare-communications-320x178.png 320w\" sizes=\"auto, (max-width: 360px) 100vw, 360px\" \/><\/a><\/div><h3 class=\"post-title\">Everbridge au service du Ziekenhuis Netwerk Antwerpen (ZNA) 7 jours sur 7 et 24 heures sur 24\u00a0<\/h3>\t\t\t<div class=\"resource-tags\">\n\t\t\t\t\t\t\t\t\t\t<span class=\"tag-pill tag-type\">\n\t\t\t\t\t\t\tCustomer Story\t\t\t\t\t\t<\/span>\n\t\t\t\t\t\t\t\t\t<\/div>\n\t\t\t\t<\/header>\n\t<div class=\"post-excerpt\"><p>Il est particuli\u00e8rement difficile de g\u00e9rer un incident dans un h\u00f4pital, compte tenu notamment de la vuln\u00e9rabilit\u00e9 des patients. Une\u2026 <\/p>\n<\/div>\t<footer>\n\t\t<p><a target=\"_self\" class=\"read-more\" href=\"https:\/\/staging.everbridge.com\/fr\/resource\/everbridge-au-service-du-ziekenhuis-netwerk-antwerpen-zna-7-jours-sur-7-et-24-heures-sur-24\/\" aria-label=\"En savoir plus about Everbridge au service du Ziekenhuis Netwerk Antwerpen (ZNA) 7 jours sur 7 et 24 heures sur 24\u00a0\">En savoir plus<\/a><\/p>\t<\/footer>\n<\/article>\n\t\t\t\t\t\t<\/div>\n\t\t\t\t\t<\/div>\n\t\t\t\t\t\n<div class=\"pagination\">\n\t<\/div>\n\t\t\t\t\t\t\t<\/div>\n\t\t\t\n\n\n\n<p class=\"\"><\/p>\n","protected":false},"excerpt":{"rendered":"","protected":false},"author":200,"featured_media":0,"parent":92290,"menu_order":0,"comment_status":"closed","ping_status":"closed","template":"","meta":{"_trash_the_other_posts":false,"_hide_footer":false,"resource_type":[],"editor_notices":[],"footnotes":"","page_schemas":[]},"coauthors":[87],"class_list":["post-92288","page","type-page","status-publish","hentry"],"yoast_primary_category":{"author":"the-everbridge-team"},"featured_image_src":null,"yoast_head":"<!-- This site is optimized with the Yoast SEO plugin v27.3 - https:\/\/yoast.com\/product\/yoast-seo-wordpress\/ -->\n<title>Customer Stories - Everbridge - Francais<\/title>\n<meta name=\"description\" content=\"Rapports actuels sur des exemples d&#039;application et des histoires de succ\u00e8s de nos clients multisectoriels.\" \/>\n<meta name=\"robots\" content=\"index, follow, max-snippet:-1, max-image-preview:large, max-video-preview:-1\" \/>\n<link rel=\"canonical\" href=\"https:\/\/staging.everbridge.com\/fr\/ressources\/customer-stories\/\" \/>\n<meta property=\"og:locale\" content=\"fr_FR\" \/>\n<meta property=\"og:type\" content=\"article\" \/>\n<meta property=\"og:title\" content=\"Customer Stories - Everbridge - Francais\" \/>\n<meta property=\"og:description\" content=\"Rapports actuels sur des exemples d&#039;application et des histoires de succ\u00e8s de nos clients multisectoriels.\" \/>\n<meta property=\"og:url\" content=\"https:\/\/staging.everbridge.com\/fr\/ressources\/customer-stories\/\" \/>\n<meta property=\"og:site_name\" content=\"Everbridge - Francais\" \/>\n<meta property=\"article:modified_time\" content=\"2025-01-29T11:41:26+00:00\" \/>\n<meta name=\"twitter:card\" content=\"summary_large_image\" \/>\n<meta name=\"twitter:label1\" content=\"Est. reading time\" \/>\n\t<meta name=\"twitter:data1\" content=\"1 minute\" \/>\n\t<meta name=\"twitter:label2\" content=\"Written by\" \/>\n\t<meta name=\"twitter:data2\" content=\"mfleischer\" \/>\n<script type=\"application\/ld+json\" class=\"yoast-schema-graph\">{\"@context\":\"https:\\\/\\\/schema.org\",\"@graph\":[{\"@type\":\"WebPage\",\"@id\":\"https:\\\/\\\/staging.everbridge.com\\\/fr\\\/ressources\\\/customer-stories\\\/\",\"url\":\"https:\\\/\\\/staging.everbridge.com\\\/fr\\\/ressources\\\/customer-stories\\\/\",\"name\":\"Customer Stories - Everbridge - Francais\",\"isPartOf\":{\"@id\":\"https:\\\/\\\/staging.everbridge.com\\\/fr\\\/#website\"},\"primaryImageOfPage\":{\"@id\":\"https:\\\/\\\/staging.everbridge.com\\\/fr\\\/ressources\\\/customer-stories\\\/#primaryimage\"},\"image\":{\"@id\":\"https:\\\/\\\/staging.everbridge.com\\\/fr\\\/ressources\\\/customer-stories\\\/#primaryimage\"},\"thumbnailUrl\":\"https:\\\/\\\/staging.everbridge.com\\\/wp-content\\\/uploads\\\/2023\\\/07\\\/GettyImages-1395188060-CustomerStories.jpg\",\"datePublished\":\"2025-01-29T11:41:25+00:00\",\"dateModified\":\"2025-01-29T11:41:26+00:00\",\"description\":\"Rapports actuels sur des exemples d'application et des histoires de succ\u00e8s de nos clients multisectoriels.\",\"breadcrumb\":{\"@id\":\"https:\\\/\\\/staging.everbridge.com\\\/fr\\\/ressources\\\/customer-stories\\\/#breadcrumb\"},\"inLanguage\":\"fr-FR\",\"potentialAction\":[{\"@type\":\"ReadAction\",\"target\":[\"https:\\\/\\\/staging.everbridge.com\\\/fr\\\/ressources\\\/customer-stories\\\/\"]}]},{\"@type\":\"ImageObject\",\"inLanguage\":\"fr-FR\",\"@id\":\"https:\\\/\\\/staging.everbridge.com\\\/fr\\\/ressources\\\/customer-stories\\\/#primaryimage\",\"url\":\"https:\\\/\\\/staging.everbridge.com\\\/wp-content\\\/uploads\\\/2023\\\/07\\\/GettyImages-1395188060-CustomerStories.jpg\",\"contentUrl\":\"https:\\\/\\\/staging.everbridge.com\\\/wp-content\\\/uploads\\\/2023\\\/07\\\/GettyImages-1395188060-CustomerStories.jpg\"},{\"@type\":\"BreadcrumbList\",\"@id\":\"https:\\\/\\\/staging.everbridge.com\\\/fr\\\/ressources\\\/customer-stories\\\/#breadcrumb\",\"itemListElement\":[{\"@type\":\"ListItem\",\"position\":1,\"name\":\"Home\",\"item\":\"https:\\\/\\\/staging.everbridge.com\\\/fr\\\/\"},{\"@type\":\"ListItem\",\"position\":2,\"name\":\"Ressources\",\"item\":\"https:\\\/\\\/staging.everbridge.com\\\/fr\\\/ressources\\\/\"},{\"@type\":\"ListItem\",\"position\":3,\"name\":\"Customer Stories\"}]},{\"@type\":\"WebSite\",\"@id\":\"https:\\\/\\\/staging.everbridge.com\\\/fr\\\/#website\",\"url\":\"https:\\\/\\\/staging.everbridge.com\\\/fr\\\/\",\"name\":\"Everbridge - Francais\",\"description\":\"assurez la s\u00e9curit\u00e9 de vos employ\u00e9s et la continuit\u00e9 de vos activit\u00e9s\",\"publisher\":{\"@id\":\"https:\\\/\\\/staging.everbridge.com\\\/fr\\\/#organization\"},\"potentialAction\":[{\"@type\":\"SearchAction\",\"target\":{\"@type\":\"EntryPoint\",\"urlTemplate\":\"https:\\\/\\\/staging.everbridge.com\\\/fr\\\/?s={search_term_string}\"},\"query-input\":{\"@type\":\"PropertyValueSpecification\",\"valueRequired\":true,\"valueName\":\"search_term_string\"}}],\"inLanguage\":\"fr-FR\"},{\"@type\":\"Organization\",\"@id\":\"https:\\\/\\\/staging.everbridge.com\\\/fr\\\/#organization\",\"name\":\"Everbridge - Francais\",\"url\":\"https:\\\/\\\/staging.everbridge.com\\\/fr\\\/\",\"logo\":{\"@type\":\"ImageObject\",\"inLanguage\":\"fr-FR\",\"@id\":\"https:\\\/\\\/staging.everbridge.com\\\/fr\\\/#\\\/schema\\\/logo\\\/image\\\/\",\"url\":\"https:\\\/\\\/staging.everbridge.com\\\/fr\\\/wp-content\\\/uploads\\\/sites\\\/6\\\/2023\\\/03\\\/EVBG-Logo-Full-Color-RGB.svg\",\"contentUrl\":\"https:\\\/\\\/staging.everbridge.com\\\/fr\\\/wp-content\\\/uploads\\\/sites\\\/6\\\/2023\\\/03\\\/EVBG-Logo-Full-Color-RGB.svg\",\"width\":1568,\"height\":310,\"caption\":\"Everbridge - Francais\"},\"image\":{\"@id\":\"https:\\\/\\\/staging.everbridge.com\\\/fr\\\/#\\\/schema\\\/logo\\\/image\\\/\"}}]}<\/script>\n<!-- \/ Yoast SEO plugin. -->","yoast_head_json":{"title":"Customer Stories - Everbridge - Francais","description":"Rapports actuels sur des exemples d'application et des histoires de succ\u00e8s de nos clients multisectoriels.","robots":{"index":"index","follow":"follow","max-snippet":"max-snippet:-1","max-image-preview":"max-image-preview:large","max-video-preview":"max-video-preview:-1"},"canonical":"https:\/\/staging.everbridge.com\/fr\/ressources\/customer-stories\/","og_locale":"fr_FR","og_type":"article","og_title":"Customer Stories - Everbridge - Francais","og_description":"Rapports actuels sur des exemples d'application et des histoires de succ\u00e8s de nos clients multisectoriels.","og_url":"https:\/\/staging.everbridge.com\/fr\/ressources\/customer-stories\/","og_site_name":"Everbridge - Francais","article_modified_time":"2025-01-29T11:41:26+00:00","twitter_card":"summary_large_image","twitter_misc":{"Est. reading time":"1 minute","Written by":"mfleischer"},"schema":{"@context":"https:\/\/schema.org","@graph":[{"@type":"WebPage","@id":"https:\/\/staging.everbridge.com\/fr\/ressources\/customer-stories\/","url":"https:\/\/staging.everbridge.com\/fr\/ressources\/customer-stories\/","name":"Customer Stories - Everbridge - Francais","isPartOf":{"@id":"https:\/\/staging.everbridge.com\/fr\/#website"},"primaryImageOfPage":{"@id":"https:\/\/staging.everbridge.com\/fr\/ressources\/customer-stories\/#primaryimage"},"image":{"@id":"https:\/\/staging.everbridge.com\/fr\/ressources\/customer-stories\/#primaryimage"},"thumbnailUrl":"https:\/\/staging.everbridge.com\/wp-content\/uploads\/2023\/07\/GettyImages-1395188060-CustomerStories.jpg","datePublished":"2025-01-29T11:41:25+00:00","dateModified":"2025-01-29T11:41:26+00:00","description":"Rapports actuels sur des exemples d'application et des histoires de succ\u00e8s de nos clients multisectoriels.","breadcrumb":{"@id":"https:\/\/staging.everbridge.com\/fr\/ressources\/customer-stories\/#breadcrumb"},"inLanguage":"fr-FR","potentialAction":[{"@type":"ReadAction","target":["https:\/\/staging.everbridge.com\/fr\/ressources\/customer-stories\/"]}]},{"@type":"ImageObject","inLanguage":"fr-FR","@id":"https:\/\/staging.everbridge.com\/fr\/ressources\/customer-stories\/#primaryimage","url":"https:\/\/staging.everbridge.com\/wp-content\/uploads\/2023\/07\/GettyImages-1395188060-CustomerStories.jpg","contentUrl":"https:\/\/staging.everbridge.com\/wp-content\/uploads\/2023\/07\/GettyImages-1395188060-CustomerStories.jpg"},{"@type":"BreadcrumbList","@id":"https:\/\/staging.everbridge.com\/fr\/ressources\/customer-stories\/#breadcrumb","itemListElement":[{"@type":"ListItem","position":1,"name":"Home","item":"https:\/\/staging.everbridge.com\/fr\/"},{"@type":"ListItem","position":2,"name":"Ressources","item":"https:\/\/staging.everbridge.com\/fr\/ressources\/"},{"@type":"ListItem","position":3,"name":"Customer Stories"}]},{"@type":"WebSite","@id":"https:\/\/staging.everbridge.com\/fr\/#website","url":"https:\/\/staging.everbridge.com\/fr\/","name":"Everbridge - Francais","description":"assurez la s\u00e9curit\u00e9 de vos employ\u00e9s et la continuit\u00e9 de vos activit\u00e9s","publisher":{"@id":"https:\/\/staging.everbridge.com\/fr\/#organization"},"potentialAction":[{"@type":"SearchAction","target":{"@type":"EntryPoint","urlTemplate":"https:\/\/staging.everbridge.com\/fr\/?s={search_term_string}"},"query-input":{"@type":"PropertyValueSpecification","valueRequired":true,"valueName":"search_term_string"}}],"inLanguage":"fr-FR"},{"@type":"Organization","@id":"https:\/\/staging.everbridge.com\/fr\/#organization","name":"Everbridge - Francais","url":"https:\/\/staging.everbridge.com\/fr\/","logo":{"@type":"ImageObject","inLanguage":"fr-FR","@id":"https:\/\/staging.everbridge.com\/fr\/#\/schema\/logo\/image\/","url":"https:\/\/staging.everbridge.com\/fr\/wp-content\/uploads\/sites\/6\/2023\/03\/EVBG-Logo-Full-Color-RGB.svg","contentUrl":"https:\/\/staging.everbridge.com\/fr\/wp-content\/uploads\/sites\/6\/2023\/03\/EVBG-Logo-Full-Color-RGB.svg","width":1568,"height":310,"caption":"Everbridge - Francais"},"image":{"@id":"https:\/\/staging.everbridge.com\/fr\/#\/schema\/logo\/image\/"}}]}},"get_extra_meta_fields":{"date_format":"F j, Y","is_summary":false,"description":"","external_url":"https:\/\/staging.everbridge.com\/fr\/ressources\/customer-stories\/","link_text":"Read more"},"get_external_url":"https:\/\/staging.everbridge.com\/fr\/ressources\/customer-stories\/","get_external_title":"Read more","get_term_title":{"author":"the-everbridge-team"},"_links":{"self":[{"href":"https:\/\/staging.everbridge.com\/fr\/wp-json\/wp\/v2\/pages\/92288","targetHints":{"allow":["GET"]}}],"collection":[{"href":"https:\/\/staging.everbridge.com\/fr\/wp-json\/wp\/v2\/pages"}],"about":[{"href":"https:\/\/staging.everbridge.com\/fr\/wp-json\/wp\/v2\/types\/page"}],"author":[{"embeddable":true,"href":"https:\/\/staging.everbridge.com\/fr\/wp-json\/wp\/v2\/users\/200"}],"replies":[{"embeddable":true,"href":"https:\/\/staging.everbridge.com\/fr\/wp-json\/wp\/v2\/comments?post=92288"}],"version-history":[{"count":1,"href":"https:\/\/staging.everbridge.com\/fr\/wp-json\/wp\/v2\/pages\/92288\/revisions"}],"predecessor-version":[{"id":92293,"href":"https:\/\/staging.everbridge.com\/fr\/wp-json\/wp\/v2\/pages\/92288\/revisions\/92293"}],"up":[{"embeddable":true,"href":"https:\/\/staging.everbridge.com\/fr\/wp-json\/wp\/v2\/pages\/92290"}],"wp:attachment":[{"href":"https:\/\/staging.everbridge.com\/fr\/wp-json\/wp\/v2\/media?parent=92288"}],"wp:term":[{"taxonomy":"author","embeddable":true,"href":"https:\/\/staging.everbridge.com\/fr\/wp-json\/wp\/v2\/coauthors?post=92288"}],"curies":[{"name":"wp","href":"https:\/\/api.w.org\/{rel}","templated":true}]}}