{"id":88662,"date":"2024-02-21T17:32:32","date_gmt":"2024-02-21T17:32:32","guid":{"rendered":"https:\/\/staging.everbridge.com\/fr\/?page_id=88662"},"modified":"2024-02-21T17:32:32","modified_gmt":"2024-02-21T17:32:32","slug":"products","status":"publish","type":"page","link":"https:\/\/staging.everbridge.com\/fr\/products\/","title":{"rendered":"Products"},"content":{"rendered":"","protected":false},"excerpt":{"rendered":"","protected":false},"author":1,"featured_media":0,"parent":0,"menu_order":0,"comment_status":"closed","ping_status":"closed","template":"","meta":{"_trash_the_other_posts":false,"_hide_footer":false,"resource_type":[],"editor_notices":[],"footnotes":"","page_schemas":[]},"coauthors":[],"class_list":["post-88662","page","type-page","status-publish","hentry"],"yoast_primary_category":null,"featured_image_src":null,"yoast_head":"<!-- This site is optimized with the Yoast SEO plugin v27.3 - https:\/\/yoast.com\/product\/yoast-seo-wordpress\/ -->\n<title>Products - Everbridge - Francais<\/title>\n<meta name=\"robots\" content=\"index, follow, max-snippet:-1, max-image-preview:large, max-video-preview:-1\" \/>\n<link rel=\"canonical\" href=\"https:\/\/staging.everbridge.com\/fr\/products\/\" \/>\n<meta property=\"og:locale\" content=\"fr_FR\" \/>\n<meta property=\"og:type\" content=\"article\" \/>\n<meta property=\"og:title\" content=\"Products - Everbridge - Francais\" \/>\n<meta property=\"og:url\" content=\"https:\/\/staging.everbridge.com\/fr\/products\/\" \/>\n<meta property=\"og:site_name\" content=\"Everbridge - Francais\" \/>\n<meta name=\"twitter:card\" content=\"summary_large_image\" \/>\n<script type=\"application\/ld+json\" class=\"yoast-schema-graph\">{\"@context\":\"https:\\\/\\\/schema.org\",\"@graph\":[{\"@type\":\"WebPage\",\"@id\":\"https:\\\/\\\/staging.everbridge.com\\\/fr\\\/products\\\/\",\"url\":\"https:\\\/\\\/staging.everbridge.com\\\/fr\\\/products\\\/\",\"name\":\"Products - Everbridge - Francais\",\"isPartOf\":{\"@id\":\"https:\\\/\\\/staging.everbridge.com\\\/fr\\\/#website\"},\"datePublished\":\"2024-02-21T17:32:32+00:00\",\"breadcrumb\":{\"@id\":\"https:\\\/\\\/staging.everbridge.com\\\/fr\\\/products\\\/#breadcrumb\"},\"inLanguage\":\"fr-FR\",\"potentialAction\":[{\"@type\":\"ReadAction\",\"target\":[\"https:\\\/\\\/staging.everbridge.com\\\/fr\\\/products\\\/\"]}]},{\"@type\":\"BreadcrumbList\",\"@id\":\"https:\\\/\\\/staging.everbridge.com\\\/fr\\\/products\\\/#breadcrumb\",\"itemListElement\":[{\"@type\":\"ListItem\",\"position\":1,\"name\":\"Home\",\"item\":\"https:\\\/\\\/staging.everbridge.com\\\/fr\\\/\"},{\"@type\":\"ListItem\",\"position\":2,\"name\":\"Products\"}]},{\"@type\":\"WebSite\",\"@id\":\"https:\\\/\\\/staging.everbridge.com\\\/fr\\\/#website\",\"url\":\"https:\\\/\\\/staging.everbridge.com\\\/fr\\\/\",\"name\":\"Everbridge - Francais\",\"description\":\"assurez la s\u00e9curit\u00e9 de vos employ\u00e9s et la continuit\u00e9 de vos activit\u00e9s\",\"publisher\":{\"@id\":\"https:\\\/\\\/staging.everbridge.com\\\/fr\\\/#organization\"},\"potentialAction\":[{\"@type\":\"SearchAction\",\"target\":{\"@type\":\"EntryPoint\",\"urlTemplate\":\"https:\\\/\\\/staging.everbridge.com\\\/fr\\\/?s={search_term_string}\"},\"query-input\":{\"@type\":\"PropertyValueSpecification\",\"valueRequired\":true,\"valueName\":\"search_term_string\"}}],\"inLanguage\":\"fr-FR\"},{\"@type\":\"Organization\",\"@id\":\"https:\\\/\\\/staging.everbridge.com\\\/fr\\\/#organization\",\"name\":\"Everbridge - Francais\",\"url\":\"https:\\\/\\\/staging.everbridge.com\\\/fr\\\/\",\"logo\":{\"@type\":\"ImageObject\",\"inLanguage\":\"fr-FR\",\"@id\":\"https:\\\/\\\/staging.everbridge.com\\\/fr\\\/#\\\/schema\\\/logo\\\/image\\\/\",\"url\":\"https:\\\/\\\/staging.everbridge.com\\\/fr\\\/wp-content\\\/uploads\\\/sites\\\/6\\\/2023\\\/03\\\/EVBG-Logo-Full-Color-RGB.svg\",\"contentUrl\":\"https:\\\/\\\/staging.everbridge.com\\\/fr\\\/wp-content\\\/uploads\\\/sites\\\/6\\\/2023\\\/03\\\/EVBG-Logo-Full-Color-RGB.svg\",\"width\":1568,\"height\":310,\"caption\":\"Everbridge - Francais\"},\"image\":{\"@id\":\"https:\\\/\\\/staging.everbridge.com\\\/fr\\\/#\\\/schema\\\/logo\\\/image\\\/\"}}]}<\/script>\n<!-- \/ Yoast SEO plugin. -->","yoast_head_json":{"title":"Products - Everbridge - Francais","robots":{"index":"index","follow":"follow","max-snippet":"max-snippet:-1","max-image-preview":"max-image-preview:large","max-video-preview":"max-video-preview:-1"},"canonical":"https:\/\/staging.everbridge.com\/fr\/products\/","og_locale":"fr_FR","og_type":"article","og_title":"Products - Everbridge - Francais","og_url":"https:\/\/staging.everbridge.com\/fr\/products\/","og_site_name":"Everbridge - Francais","twitter_card":"summary_large_image","schema":{"@context":"https:\/\/schema.org","@graph":[{"@type":"WebPage","@id":"https:\/\/staging.everbridge.com\/fr\/products\/","url":"https:\/\/staging.everbridge.com\/fr\/products\/","name":"Products - Everbridge - Francais","isPartOf":{"@id":"https:\/\/staging.everbridge.com\/fr\/#website"},"datePublished":"2024-02-21T17:32:32+00:00","breadcrumb":{"@id":"https:\/\/staging.everbridge.com\/fr\/products\/#breadcrumb"},"inLanguage":"fr-FR","potentialAction":[{"@type":"ReadAction","target":["https:\/\/staging.everbridge.com\/fr\/products\/"]}]},{"@type":"BreadcrumbList","@id":"https:\/\/staging.everbridge.com\/fr\/products\/#breadcrumb","itemListElement":[{"@type":"ListItem","position":1,"name":"Home","item":"https:\/\/staging.everbridge.com\/fr\/"},{"@type":"ListItem","position":2,"name":"Products"}]},{"@type":"WebSite","@id":"https:\/\/staging.everbridge.com\/fr\/#website","url":"https:\/\/staging.everbridge.com\/fr\/","name":"Everbridge - Francais","description":"assurez la s\u00e9curit\u00e9 de vos employ\u00e9s et la continuit\u00e9 de vos activit\u00e9s","publisher":{"@id":"https:\/\/staging.everbridge.com\/fr\/#organization"},"potentialAction":[{"@type":"SearchAction","target":{"@type":"EntryPoint","urlTemplate":"https:\/\/staging.everbridge.com\/fr\/?s={search_term_string}"},"query-input":{"@type":"PropertyValueSpecification","valueRequired":true,"valueName":"search_term_string"}}],"inLanguage":"fr-FR"},{"@type":"Organization","@id":"https:\/\/staging.everbridge.com\/fr\/#organization","name":"Everbridge - Francais","url":"https:\/\/staging.everbridge.com\/fr\/","logo":{"@type":"ImageObject","inLanguage":"fr-FR","@id":"https:\/\/staging.everbridge.com\/fr\/#\/schema\/logo\/image\/","url":"https:\/\/staging.everbridge.com\/fr\/wp-content\/uploads\/sites\/6\/2023\/03\/EVBG-Logo-Full-Color-RGB.svg","contentUrl":"https:\/\/staging.everbridge.com\/fr\/wp-content\/uploads\/sites\/6\/2023\/03\/EVBG-Logo-Full-Color-RGB.svg","width":1568,"height":310,"caption":"Everbridge - Francais"},"image":{"@id":"https:\/\/staging.everbridge.com\/fr\/#\/schema\/logo\/image\/"}}]}},"get_extra_meta_fields":{"date_format":"F j, Y","is_summary":false,"description":"","external_url":"https:\/\/staging.everbridge.com\/fr\/products\/","link_text":"Read more"},"get_external_url":"https:\/\/staging.everbridge.com\/fr\/products\/","get_external_title":"Read more","get_term_title":{"author":""},"_links":{"self":[{"href":"https:\/\/staging.everbridge.com\/fr\/wp-json\/wp\/v2\/pages\/88662","targetHints":{"allow":["GET"]}}],"collection":[{"href":"https:\/\/staging.everbridge.com\/fr\/wp-json\/wp\/v2\/pages"}],"about":[{"href":"https:\/\/staging.everbridge.com\/fr\/wp-json\/wp\/v2\/types\/page"}],"author":[{"embeddable":true,"href":"https:\/\/staging.everbridge.com\/fr\/wp-json\/wp\/v2\/users\/1"}],"replies":[{"embeddable":true,"href":"https:\/\/staging.everbridge.com\/fr\/wp-json\/wp\/v2\/comments?post=88662"}],"version-history":[{"count":0,"href":"https:\/\/staging.everbridge.com\/fr\/wp-json\/wp\/v2\/pages\/88662\/revisions"}],"wp:attachment":[{"href":"https:\/\/staging.everbridge.com\/fr\/wp-json\/wp\/v2\/media?parent=88662"}],"wp:term":[{"taxonomy":"author","embeddable":true,"href":"https:\/\/staging.everbridge.com\/fr\/wp-json\/wp\/v2\/coauthors?post=88662"}],"curies":[{"name":"wp","href":"https:\/\/api.w.org\/{rel}","templated":true}]}}