{"id":88373,"date":"2022-07-28T14:07:05","date_gmt":"2022-07-28T14:07:05","guid":{"rendered":"https:\/\/staging.everbridge.com\/?page_id=88373"},"modified":"2024-07-15T16:14:24","modified_gmt":"2024-07-15T16:14:24","slug":"newsroom","status":"publish","type":"page","link":"https:\/\/staging.everbridge.com\/fr\/newsroom\/","title":{"rendered":"Newsroom"},"content":{"rendered":"<div class=\"wp-block-tenup-hero-inside-rebrand\">\n\t<div class=\"hero-inside-block-rebrand\">\n\t\t<div class=\"hero-inside-container\">\n\t\t\t\n\n<div class=\"wp-block-columns is-layout-flex wp-container-core-columns-is-layout-9d6595d7 wp-block-columns-is-layout-flex\">\n<div class=\"wp-block-column hero-inside-column hero-inside-left is-layout-flow wp-block-column-is-layout-flow\" style=\"flex-basis:50%\">\n<h6 class=\"wp-block-heading hero-sub-title\" id=\"h-\"><\/h6>\n\n\n\n<h1 class=\"wp-block-heading hero-entry-title\" id=\"h-salle-de-presse\">Salle de presse<\/h1>\n\n\n\n<p class=\"hero-content lead \">Suivez notre actualit\u00e9, d\u00e9couvrez nos offres, explorez nos \u00e9v\u00e9nements r\u00e9cents et nos articles d\u2019approfondissement.<br><br>Les m\u00e9dias souhaitant obtenir des renseignements peuvent nous contacter \u00e0 l\u2019adresse&nbsp;<a href=\"mailto:PR@everbridge.com?subject=Media%20Inquiry\" target=\"_blank\" rel=\"noreferrer noopener\">PR@everbridge.com<\/a>.<\/p>\n\n\n<\/div>\n\n\n\n<div class=\"wp-block-column is-vertically-aligned-top hero-inside-column hero-inside-right is-layout-flow wp-block-column-is-layout-flow\" style=\"flex-basis:50%\">\n<figure class=\"wp-block-image aligncenter size-full hero-image-wrapwp-block-image hero-image-wrap\"><div class=\"wp-block-image-wrap\"><img loading=\"lazy\" decoding=\"async\" src=\"https:\/\/staging.everbridge.com\/fr\/wp-content\/uploads\/sites\/6\/2023\/11\/Newsroom-resilience-arch-right-v2.png\" alt=\"newsroom header\" width=\"600\" height=\"599\"><\/div><\/figure>\n<\/div>\n<\/div>\n\n\t\t<\/div>\n\t<\/div>\n<\/div>\n\n\n\n<div class=\"wp-block-columns is-layout-flex wp-container-core-columns-is-layout-9d6595d7 wp-block-columns-is-layout-flex\">\n<div class=\"wp-block-column is-layout-flow wp-block-column-is-layout-flow\" style=\"flex-basis:66.66%\">\n<h3 class=\"wp-block-heading\">Renforcer la r\u00e9silience<\/h3>\n\n\n\n<p class=\"\">Naviguez en toute s\u00e9curit\u00e9 dans un monde impr\u00e9visible, r\u00e9duisez les co\u00fbts associ\u00e9s aux \u00e9v\u00e9nements critiques et acc\u00e9l\u00e9rez le retour \u00e0 la normale gr\u00e2ce \u00e0 Everbridge.<\/p>\n<\/div>\n\n\n\n<div class=\"wp-block-column is-layout-flow wp-block-column-is-layout-flow\" style=\"flex-basis:33.33%\">\n<div class=\"wp-block-group quick-links-pattern-rebrand pt-0 has-000000-color has-text-color is-layout-flow wp-block-group-is-layout-flow\">\n<p class=\"\"><a href=\"https:\/\/staging.everbridge.com\/newsroom\/#press-releases\">Communiqu\u00e9s de presse<\/a><\/p>\n\n\n\n<p class=\"\"><a href=\"https:\/\/staging.everbridge.com\/newsroom\/#in-the-news\">\u00c0 la une<\/a><\/p>\n\n\n\n<p class=\"\"><a href=\"https:\/\/staging.everbridge.com\/newsroom\/#analyst-reports\">Rapports d\u2019analystes<\/a><\/p>\n<\/div>\n<\/div>\n<\/div>\n\n\n\n<div class=\"wp-block-group icons-with-title-text-pattern-rebrand has-292-d-2-f-background-color has-background is-layout-flow wp-block-group-is-layout-flow\">\n<div class=\"wp-block-columns icons-with-title-text-content is-layout-flex wp-container-core-columns-is-layout-9d6595d7 wp-block-columns-is-layout-flex\">\n<div class=\"wp-block-column is-layout-flow wp-block-column-is-layout-flow\">\n<h2 class=\"wp-block-heading section-title has-ffffff-color has-text-color\" id=\"h-quelques-chiffres\">Quelques chiffres<\/h2>\n<\/div>\n<\/div>\n\n\n\n<div class=\"wp-block-columns icons-with-title-text-items is-dark-theme is-layout-flex wp-container-core-columns-is-layout-9d6595d7 wp-block-columns-is-layout-flex\">\n<div class=\"wp-block-column is-layout-flow wp-block-column-is-layout-flow\">\n<figure class=\"wp-block-image size-full size-fullwp-block-image\"><img decoding=\"async\" src=\"https:\/\/staging.everbridge.com\/wp-content\/uploads\/2023\/03\/Icon.svg\" alt=\"Global Customers White\" class=\"wp-image-94179\"\/><\/figure>\n\n\n\n<p class=\"has-ffffff-color has-text-color \">Plus de 6&nbsp;500&nbsp;clients dans le monde entier<\/p>\n<\/div>\n\n\n\n<div class=\"wp-block-column is-layout-flow wp-block-column-is-layout-flow\">\n<figure class=\"wp-block-image size-full size-fullwp-block-image\"><img decoding=\"async\" src=\"https:\/\/staging.everbridge.com\/wp-content\/uploads\/2023\/03\/Icon-1.svg\" alt=\"Interactions white\" class=\"wp-image-94180\"\/><\/figure>\n\n\n\n<p class=\"has-ffffff-color has-text-color \">Des milliards d\u2019interactions essentielles assur\u00e9es chaque ann\u00e9e pour le compte d\u2019organisations publiques et priv\u00e9es<\/p>\n<\/div>\n\n\n\n<div class=\"wp-block-column is-layout-flow wp-block-column-is-layout-flow\">\n<figure class=\"wp-block-image size-full size-fullwp-block-image\"><img decoding=\"async\" src=\"https:\/\/staging.everbridge.com\/wp-content\/uploads\/2023\/03\/Icon-2.svg\" alt=\"Collaborateurs dans le monde\" class=\"wp-image-94181\"\/><\/figure>\n\n\n\n<p class=\"has-ffffff-color has-text-color \">Plus de 1&nbsp;800&nbsp;collaborateurs dans le monde<\/p>\n<\/div>\n\n\n\n<div class=\"wp-block-column is-layout-flow wp-block-column-is-layout-flow\">\n<figure class=\"wp-block-image size-full size-fullwp-block-image\"><img decoding=\"async\" src=\"https:\/\/staging.everbridge.com\/wp-content\/uploads\/2023\/03\/Icon-1-1.svg\" alt=\"Serving More - white\" class=\"wp-image-94182\"\/><\/figure>\n\n\n\n<p class=\"has-ffffff-color has-text-color \">Un nombre in\u00e9gal\u00e9 de clients du secteur public, au niveau municipal, r\u00e9gional et national<\/p>\n<\/div>\n<\/div>\n<\/div>\n\n\n\n<div class=\"wp-block-group cards-image-wrap-pattern-rebrand cards-image-on-right-pattern-rebrand is-layout-flow wp-block-group-is-layout-flow\">\n<div class=\"wp-block-columns is-layout-flex wp-container-core-columns-is-layout-9d6595d7 wp-block-columns-is-layout-flex\">\n<div class=\"wp-block-column is-layout-flow wp-block-column-is-layout-flow\" style=\"flex-basis:60%\">\n<h2 class=\"wp-block-heading section-title\" id=\"h-everbridge-et-ses-produits-reconnus-dans-le-monde-entier\">Everbridge et ses produits reconnus dans le monde entier<\/h2>\n\n\n\n<p class=\"\">Les collaborateurs, la culture et les innovations d\u2019Everbridge sont reconnus dans le monde entier pour leur capacit\u00e9 \u00e0 assurer la s\u00e9curit\u00e9 des personnes et le bon fonctionnement des organisations.<\/p>\n\n\n\n<div class=\"wp-block-buttons is-layout-flex wp-block-buttons-is-layout-flex\">\n<div class=\"wp-block-button is-style-button-style-1\"><a class=\"wp-block-button__link wp-element-button\" href=\"https:\/\/staging.everbridge.com\/awards-and-recognition\/\" target=\"_blank\" rel=\"noreferrer noopener\">Afficher tout<\/a><\/div>\n<\/div>\n<\/div>\n\n\n\n<div class=\"wp-block-column is-layout-flow wp-block-column-is-layout-flow\" style=\"flex-basis:40%\">\n<figure class=\"wp-block-image size-full is-style-rc-upward-arc-right-bottomwp-block-image is-style-default\"><img decoding=\"async\" src=\"https:\/\/staging.everbridge.com\/wp-content\/uploads\/2023\/03\/awards_img.png\" alt=\"R\u00e9compenses\" class=\"wp-image-94264\"\/><\/figure>\n<\/div>\n<\/div>\n<\/div>\n\n\n\n<div class=\"wp-block-columns pb-5 is-layout-flex wp-container-core-columns-is-layout-9d6595d7 wp-block-columns-is-layout-flex\">\n<div class=\"wp-block-column is-layout-flow wp-block-column-is-layout-flow\">\n<h2 class=\"wp-block-heading\" id=\"h-a-propos-d-everbridge\">\u00c0 propos d\u2019Everbridge<\/h2>\n\n\n\n<p class=\"\">Everbridge permet aux organisations publiques et priv\u00e9es d\u2019anticiper les \u00e9v\u00e9nements critiques, d\u2019en limiter les impacts, de r\u00e9agir rapidement et d\u2019en sortir renforc\u00e9es. Dans le monde impr\u00e9visible d\u2019aujourd\u2019hui, les organisations r\u00e9silientes qui d\u00e9ploient une technologie de gestion des \u00e9v\u00e9nements critiques (CEM) r\u00e9duisent l\u2019impact de ces \u00e9v\u00e9nements sur les personnes et les op\u00e9rations, att\u00e9nuent le stress et reprennent leurs activit\u00e9s plus rapidement. Everbridge num\u00e9rise la r\u00e9silience organisationnelle en combinant des fonctionnalit\u00e9s d\u2019automatisation intelligente avec les donn\u00e9es les plus compl\u00e8tes du secteur sur les risques, afin d\u2019assurer la s\u00e9curit\u00e9 des personnes et la continuit\u00e9 des activit\u00e9s.<\/p>\n<\/div>\n<\/div>\n","protected":false},"excerpt":{"rendered":"<p>Renforcer la r\u00e9silience Naviguez en toute s\u00e9curit\u00e9 dans un monde impr\u00e9visible, r\u00e9duisez les co\u00fbts associ\u00e9s aux \u00e9v\u00e9nements critiques et acc\u00e9l\u00e9rez\u2026 <\/p>\n","protected":false},"author":1,"featured_media":0,"parent":0,"menu_order":0,"comment_status":"closed","ping_status":"closed","template":"","meta":{"_trash_the_other_posts":false,"_hide_footer":false,"resource_type":[],"editor_notices":[],"footnotes":"","page_schemas":[]},"coauthors":[],"class_list":["post-88373","page","type-page","status-publish","hentry"],"yoast_primary_category":null,"featured_image_src":null,"yoast_head":"<!-- This site is optimized with the Yoast SEO plugin v27.3 - https:\/\/yoast.com\/product\/yoast-seo-wordpress\/ -->\n<title>Newsroom - Everbridge - Francais<\/title>\n<meta name=\"description\" content=\"Suivez l&#039;actualit\u00e9 des solutions Everbridge d\u00e9di\u00e9es \u00e0 la protection et \u00e0 la s\u00e9curit\u00e9 des entreprises et des personnes.\" \/>\n<meta name=\"robots\" content=\"index, follow, max-snippet:-1, max-image-preview:large, max-video-preview:-1\" \/>\n<link rel=\"canonical\" href=\"https:\/\/staging.everbridge.com\/fr\/newsroom\/\" \/>\n<meta property=\"og:locale\" content=\"fr_FR\" \/>\n<meta property=\"og:type\" content=\"article\" \/>\n<meta property=\"og:title\" content=\"Newsroom - Everbridge - Francais\" \/>\n<meta property=\"og:description\" content=\"Suivez l&#039;actualit\u00e9 des solutions Everbridge d\u00e9di\u00e9es \u00e0 la protection et \u00e0 la s\u00e9curit\u00e9 des entreprises et des personnes.\" \/>\n<meta property=\"og:url\" content=\"https:\/\/staging.everbridge.com\/fr\/newsroom\/\" \/>\n<meta property=\"og:site_name\" content=\"Everbridge - Francais\" \/>\n<meta property=\"article:modified_time\" content=\"2024-07-15T16:14:24+00:00\" \/>\n<meta property=\"og:image\" content=\"https:\/\/staging.everbridge.com\/fr\/wp-content\/uploads\/sites\/6\/2023\/11\/Newsroom-resilience-arch-right-v2.png\" \/>\n<meta name=\"twitter:card\" content=\"summary_large_image\" \/>\n<meta name=\"twitter:label1\" content=\"Est. reading time\" \/>\n\t<meta name=\"twitter:data1\" content=\"3 minutes\" \/>\n<script type=\"application\/ld+json\" class=\"yoast-schema-graph\">{\"@context\":\"https:\\\/\\\/schema.org\",\"@graph\":[{\"@type\":\"WebPage\",\"@id\":\"https:\\\/\\\/staging.everbridge.com\\\/fr\\\/newsroom\\\/\",\"url\":\"https:\\\/\\\/staging.everbridge.com\\\/fr\\\/newsroom\\\/\",\"name\":\"Newsroom - Everbridge - Francais\",\"isPartOf\":{\"@id\":\"https:\\\/\\\/staging.everbridge.com\\\/fr\\\/#website\"},\"primaryImageOfPage\":{\"@id\":\"https:\\\/\\\/staging.everbridge.com\\\/fr\\\/newsroom\\\/#primaryimage\"},\"image\":{\"@id\":\"https:\\\/\\\/staging.everbridge.com\\\/fr\\\/newsroom\\\/#primaryimage\"},\"thumbnailUrl\":\"https:\\\/\\\/staging.everbridge.com\\\/fr\\\/wp-content\\\/uploads\\\/sites\\\/6\\\/2023\\\/11\\\/Newsroom-resilience-arch-right-v2.png\",\"datePublished\":\"2022-07-28T14:07:05+00:00\",\"dateModified\":\"2024-07-15T16:14:24+00:00\",\"description\":\"Suivez l'actualit\u00e9 des solutions Everbridge d\u00e9di\u00e9es \u00e0 la protection et \u00e0 la s\u00e9curit\u00e9 des entreprises et des personnes.\",\"breadcrumb\":{\"@id\":\"https:\\\/\\\/staging.everbridge.com\\\/fr\\\/newsroom\\\/#breadcrumb\"},\"inLanguage\":\"fr-FR\",\"potentialAction\":[{\"@type\":\"ReadAction\",\"target\":[\"https:\\\/\\\/staging.everbridge.com\\\/fr\\\/newsroom\\\/\"]}]},{\"@type\":\"ImageObject\",\"inLanguage\":\"fr-FR\",\"@id\":\"https:\\\/\\\/staging.everbridge.com\\\/fr\\\/newsroom\\\/#primaryimage\",\"url\":\"https:\\\/\\\/staging.everbridge.com\\\/fr\\\/wp-content\\\/uploads\\\/sites\\\/6\\\/2023\\\/11\\\/Newsroom-resilience-arch-right-v2.png\",\"contentUrl\":\"https:\\\/\\\/staging.everbridge.com\\\/fr\\\/wp-content\\\/uploads\\\/sites\\\/6\\\/2023\\\/11\\\/Newsroom-resilience-arch-right-v2.png\",\"width\":600,\"height\":599,\"caption\":\"newsroom header\"},{\"@type\":\"BreadcrumbList\",\"@id\":\"https:\\\/\\\/staging.everbridge.com\\\/fr\\\/newsroom\\\/#breadcrumb\",\"itemListElement\":[{\"@type\":\"ListItem\",\"position\":1,\"name\":\"Home\",\"item\":\"https:\\\/\\\/staging.everbridge.com\\\/fr\\\/\"},{\"@type\":\"ListItem\",\"position\":2,\"name\":\"Newsroom\"}]},{\"@type\":\"WebSite\",\"@id\":\"https:\\\/\\\/staging.everbridge.com\\\/fr\\\/#website\",\"url\":\"https:\\\/\\\/staging.everbridge.com\\\/fr\\\/\",\"name\":\"Everbridge - Francais\",\"description\":\"assurez la s\u00e9curit\u00e9 de vos employ\u00e9s et la continuit\u00e9 de vos activit\u00e9s\",\"publisher\":{\"@id\":\"https:\\\/\\\/staging.everbridge.com\\\/fr\\\/#organization\"},\"potentialAction\":[{\"@type\":\"SearchAction\",\"target\":{\"@type\":\"EntryPoint\",\"urlTemplate\":\"https:\\\/\\\/staging.everbridge.com\\\/fr\\\/?s={search_term_string}\"},\"query-input\":{\"@type\":\"PropertyValueSpecification\",\"valueRequired\":true,\"valueName\":\"search_term_string\"}}],\"inLanguage\":\"fr-FR\"},{\"@type\":\"Organization\",\"@id\":\"https:\\\/\\\/staging.everbridge.com\\\/fr\\\/#organization\",\"name\":\"Everbridge - Francais\",\"url\":\"https:\\\/\\\/staging.everbridge.com\\\/fr\\\/\",\"logo\":{\"@type\":\"ImageObject\",\"inLanguage\":\"fr-FR\",\"@id\":\"https:\\\/\\\/staging.everbridge.com\\\/fr\\\/#\\\/schema\\\/logo\\\/image\\\/\",\"url\":\"https:\\\/\\\/staging.everbridge.com\\\/fr\\\/wp-content\\\/uploads\\\/sites\\\/6\\\/2023\\\/03\\\/EVBG-Logo-Full-Color-RGB.svg\",\"contentUrl\":\"https:\\\/\\\/staging.everbridge.com\\\/fr\\\/wp-content\\\/uploads\\\/sites\\\/6\\\/2023\\\/03\\\/EVBG-Logo-Full-Color-RGB.svg\",\"width\":1568,\"height\":310,\"caption\":\"Everbridge - Francais\"},\"image\":{\"@id\":\"https:\\\/\\\/staging.everbridge.com\\\/fr\\\/#\\\/schema\\\/logo\\\/image\\\/\"}}]}<\/script>\n<!-- \/ Yoast SEO plugin. -->","yoast_head_json":{"title":"Newsroom - Everbridge - Francais","description":"Suivez l'actualit\u00e9 des solutions Everbridge d\u00e9di\u00e9es \u00e0 la protection et \u00e0 la s\u00e9curit\u00e9 des entreprises et des personnes.","robots":{"index":"index","follow":"follow","max-snippet":"max-snippet:-1","max-image-preview":"max-image-preview:large","max-video-preview":"max-video-preview:-1"},"canonical":"https:\/\/staging.everbridge.com\/fr\/newsroom\/","og_locale":"fr_FR","og_type":"article","og_title":"Newsroom - Everbridge - Francais","og_description":"Suivez l'actualit\u00e9 des solutions Everbridge d\u00e9di\u00e9es \u00e0 la protection et \u00e0 la s\u00e9curit\u00e9 des entreprises et des personnes.","og_url":"https:\/\/staging.everbridge.com\/fr\/newsroom\/","og_site_name":"Everbridge - Francais","article_modified_time":"2024-07-15T16:14:24+00:00","og_image":[{"url":"https:\/\/staging.everbridge.com\/fr\/wp-content\/uploads\/sites\/6\/2023\/11\/Newsroom-resilience-arch-right-v2.png","type":"","width":"","height":""}],"twitter_card":"summary_large_image","twitter_misc":{"Est. reading time":"3 minutes"},"schema":{"@context":"https:\/\/schema.org","@graph":[{"@type":"WebPage","@id":"https:\/\/staging.everbridge.com\/fr\/newsroom\/","url":"https:\/\/staging.everbridge.com\/fr\/newsroom\/","name":"Newsroom - Everbridge - Francais","isPartOf":{"@id":"https:\/\/staging.everbridge.com\/fr\/#website"},"primaryImageOfPage":{"@id":"https:\/\/staging.everbridge.com\/fr\/newsroom\/#primaryimage"},"image":{"@id":"https:\/\/staging.everbridge.com\/fr\/newsroom\/#primaryimage"},"thumbnailUrl":"https:\/\/staging.everbridge.com\/fr\/wp-content\/uploads\/sites\/6\/2023\/11\/Newsroom-resilience-arch-right-v2.png","datePublished":"2022-07-28T14:07:05+00:00","dateModified":"2024-07-15T16:14:24+00:00","description":"Suivez l'actualit\u00e9 des solutions Everbridge d\u00e9di\u00e9es \u00e0 la protection et \u00e0 la s\u00e9curit\u00e9 des entreprises et des personnes.","breadcrumb":{"@id":"https:\/\/staging.everbridge.com\/fr\/newsroom\/#breadcrumb"},"inLanguage":"fr-FR","potentialAction":[{"@type":"ReadAction","target":["https:\/\/staging.everbridge.com\/fr\/newsroom\/"]}]},{"@type":"ImageObject","inLanguage":"fr-FR","@id":"https:\/\/staging.everbridge.com\/fr\/newsroom\/#primaryimage","url":"https:\/\/staging.everbridge.com\/fr\/wp-content\/uploads\/sites\/6\/2023\/11\/Newsroom-resilience-arch-right-v2.png","contentUrl":"https:\/\/staging.everbridge.com\/fr\/wp-content\/uploads\/sites\/6\/2023\/11\/Newsroom-resilience-arch-right-v2.png","width":600,"height":599,"caption":"newsroom header"},{"@type":"BreadcrumbList","@id":"https:\/\/staging.everbridge.com\/fr\/newsroom\/#breadcrumb","itemListElement":[{"@type":"ListItem","position":1,"name":"Home","item":"https:\/\/staging.everbridge.com\/fr\/"},{"@type":"ListItem","position":2,"name":"Newsroom"}]},{"@type":"WebSite","@id":"https:\/\/staging.everbridge.com\/fr\/#website","url":"https:\/\/staging.everbridge.com\/fr\/","name":"Everbridge - Francais","description":"assurez la s\u00e9curit\u00e9 de vos employ\u00e9s et la continuit\u00e9 de vos activit\u00e9s","publisher":{"@id":"https:\/\/staging.everbridge.com\/fr\/#organization"},"potentialAction":[{"@type":"SearchAction","target":{"@type":"EntryPoint","urlTemplate":"https:\/\/staging.everbridge.com\/fr\/?s={search_term_string}"},"query-input":{"@type":"PropertyValueSpecification","valueRequired":true,"valueName":"search_term_string"}}],"inLanguage":"fr-FR"},{"@type":"Organization","@id":"https:\/\/staging.everbridge.com\/fr\/#organization","name":"Everbridge - Francais","url":"https:\/\/staging.everbridge.com\/fr\/","logo":{"@type":"ImageObject","inLanguage":"fr-FR","@id":"https:\/\/staging.everbridge.com\/fr\/#\/schema\/logo\/image\/","url":"https:\/\/staging.everbridge.com\/fr\/wp-content\/uploads\/sites\/6\/2023\/03\/EVBG-Logo-Full-Color-RGB.svg","contentUrl":"https:\/\/staging.everbridge.com\/fr\/wp-content\/uploads\/sites\/6\/2023\/03\/EVBG-Logo-Full-Color-RGB.svg","width":1568,"height":310,"caption":"Everbridge - Francais"},"image":{"@id":"https:\/\/staging.everbridge.com\/fr\/#\/schema\/logo\/image\/"}}]}},"get_extra_meta_fields":{"date_format":"F j, Y","is_summary":false,"description":"Renforcer la r\u00e9silience Naviguez en toute s\u00e9curit\u00e9 dans un monde impr\u00e9visible, r\u00e9duisez les co\u00fbts associ\u00e9s aux \u00e9v\u00e9nements critiques et acc\u00e9l\u00e9rez\u2026 ","external_url":"https:\/\/staging.everbridge.com\/fr\/newsroom\/","link_text":"Read more"},"get_external_url":"https:\/\/staging.everbridge.com\/fr\/newsroom\/","get_external_title":"Read more","get_term_title":{"author":""},"_links":{"self":[{"href":"https:\/\/staging.everbridge.com\/fr\/wp-json\/wp\/v2\/pages\/88373","targetHints":{"allow":["GET"]}}],"collection":[{"href":"https:\/\/staging.everbridge.com\/fr\/wp-json\/wp\/v2\/pages"}],"about":[{"href":"https:\/\/staging.everbridge.com\/fr\/wp-json\/wp\/v2\/types\/page"}],"author":[{"embeddable":true,"href":"https:\/\/staging.everbridge.com\/fr\/wp-json\/wp\/v2\/users\/1"}],"replies":[{"embeddable":true,"href":"https:\/\/staging.everbridge.com\/fr\/wp-json\/wp\/v2\/comments?post=88373"}],"version-history":[{"count":2,"href":"https:\/\/staging.everbridge.com\/fr\/wp-json\/wp\/v2\/pages\/88373\/revisions"}],"predecessor-version":[{"id":92171,"href":"https:\/\/staging.everbridge.com\/fr\/wp-json\/wp\/v2\/pages\/88373\/revisions\/92171"}],"wp:attachment":[{"href":"https:\/\/staging.everbridge.com\/fr\/wp-json\/wp\/v2\/media?parent=88373"}],"wp:term":[{"taxonomy":"author","embeddable":true,"href":"https:\/\/staging.everbridge.com\/fr\/wp-json\/wp\/v2\/coauthors?post=88373"}],"curies":[{"name":"wp","href":"https:\/\/api.w.org\/{rel}","templated":true}]}}