{"id":92737,"date":"2025-01-27T09:19:51","date_gmt":"2025-01-27T09:19:51","guid":{"rendered":"https:\/\/staging.everbridge.com\/de\/?page_id=92737"},"modified":"2025-01-27T09:19:51","modified_gmt":"2025-01-27T09:19:51","slug":"kontakt-bestaetigung","status":"publish","type":"page","link":"https:\/\/staging.everbridge.com\/de\/kontakt-bestaetigung\/","title":{"rendered":"Kontakt Best\u00e4tigung"},"content":{"rendered":"\n<div class=\"wp-block-columns mt-5 is-layout-flex wp-container-core-columns-is-layout-9d6595d7 wp-block-columns-is-layout-flex\">\n<div class=\"wp-block-column mb-3 is-layout-flow wp-block-column-is-layout-flow\">\n<h2 class=\"wp-block-heading has-text-align-center\">Vielen Dank f\u00fcr Ihr Interesse an Everbridge. Wir sind hier, um Sie auf Ihrem Weg zu mehr Resilienz zu unterst\u00fctzen.<\/h2>\n<\/div>\n<\/div>\n\n\n\n<div class=\"wp-block-columns is-layout-flex wp-container-core-columns-is-layout-9d6595d7 wp-block-columns-is-layout-flex\">\n<div class=\"wp-block-column is-layout-flow wp-block-column-is-layout-flow\">\n<h4 class=\"wp-block-heading has-text-align-center\">Ein Experte aus unserem Team wird sich in K\u00fcrze mit Ihnen in Verbindung setzen.<br>F\u00fcr sofortige Unterst\u00fctzung z\u00f6gern Sie bitte nicht, uns unter +49 89 25 55 2959 zu kontaktieren.<\/h4>\n\n\n\n<p class=\"has-text-align-center \">Wir freuen uns darauf, Ihrem Unternehmen zu helfen, resilient zu bleiben. Gemeinsam minimieren wir Risiken und treiben eine bedeutende Transformation f\u00fcr langfristigen Erfolg voran.<\/p>\n<\/div>\n<\/div>\n\n\n\n<div class=\"wp-block-columns mt-5 mb-5 is-layout-flex wp-container-core-columns-is-layout-9d6595d7 wp-block-columns-is-layout-flex\">\n<div class=\"wp-block-column is-layout-flow wp-block-column-is-layout-flow\">\n<div class=\"wp-block-columns is-layout-flex wp-container-core-columns-is-layout-9d6595d7 wp-block-columns-is-layout-flex\">\n<div class=\"wp-block-column is-layout-flow wp-block-column-is-layout-flow\" style=\"flex-basis:10%\"><\/div>\n\n\n\n<div class=\"wp-block-column is-layout-flow wp-block-column-is-layout-flow\">\n<figure class=\"wp-block-image size-full  has-youtube-embed has-image-popup has-dark-mode hide-play-button-background\"><a href=\"https:\/\/youtu.be\/by3pG88adXg\"><img decoding=\"async\" src=\"https:\/\/staging.everbridge.com\/es\/wp-content\/uploads\/sites\/5\/2022\/03\/Workplace-Violence-3.jpg\" alt=\"Workplace Violence Prevention\" class=\"wp-image-83748\"\/><\/a><\/figure>\n<\/div>\n\n\n\n<div class=\"wp-block-column is-layout-flow wp-block-column-is-layout-flow\" style=\"flex-basis:10%\"><\/div>\n<\/div>\n<\/div>\n<\/div>\n\n\n\n<div class=\"wp-block-group homepage-redesign-image-on-left has-e-9-f-0-f-2-background-color has-background is-layout-flow wp-block-group-is-layout-flow\">\n<div class=\"wp-block-columns are-vertically-aligned-center is-layout-flex wp-container-core-columns-is-layout-635756ed wp-block-columns-is-layout-flex\" style=\"padding-top:var(--wp--preset--spacing--3-xl);padding-bottom:var(--wp--preset--spacing--3-xl)\">\n<div class=\"wp-block-column is-vertically-aligned-center is-layout-flow wp-block-column-is-layout-flow\" style=\"flex-basis:58%\">\n<figure class=\"wp-block-image size-full is-style-default\"><img decoding=\"async\" src=\"https:\/\/staging.everbridge.com\/wp-content\/uploads\/2025\/01\/Forrester-Wave-650x650-1.gif\" alt=\"Forrester Wave 650x650\" class=\"wp-image-101320\" style=\"object-fit:cover\"\/><\/figure>\n<\/div>\n\n\n\n<div class=\"wp-block-column is-vertically-aligned-center is-layout-flow wp-block-column-is-layout-flow\" style=\"flex-basis:42%\">\n<h2 class=\"wp-block-heading\" style=\"padding-right:0;padding-left:0\">Everbridge wurde als Leader in The Forrester Wave\u2122: Critical Event Management, Q4 2023 ausgezeichnet.<\/h2>\n\n\n\n<p class=\"\">St\u00e4rken Sie die Resilienz mit der f\u00fchrenden Plattform f\u00fcr das Management kritischer Ereignisse.<\/p>\n\n\n\n<div class=\"wp-block-buttons is-layout-flex wp-block-buttons-is-layout-flex\">\n<div class=\"wp-block-button is-style-button-style-12\"><a class=\"wp-block-button__link wp-element-button\" href=\"https:\/\/go.everbridge.com\/forrester-cem-wave.html\" target=\"_blank\" rel=\"noreferrer noopener\">Report lesen<\/a><\/div>\n<\/div>\n<\/div>\n<\/div>\n<\/div>\n","protected":false},"excerpt":{"rendered":"<p>Vielen Dank f\u00fcr Ihr Interesse an Everbridge. Wir sind hier, um Sie auf Ihrem Weg zu mehr Resilienz zu unterst\u00fctzen.\u2026 <\/p>\n","protected":false},"author":200,"featured_media":0,"parent":0,"menu_order":0,"comment_status":"closed","ping_status":"closed","template":"","meta":{"_trash_the_other_posts":false,"_hide_footer":false,"resource_type":[],"editor_notices":[],"footnotes":"","page_schemas":[]},"coauthors":[112],"class_list":["post-92737","page","type-page","status-publish","hentry"],"yoast_primary_category":{"author":"ihr-everbridge-team"},"featured_image_src":null,"yoast_head":"<!-- This site is optimized with the Yoast SEO plugin v27.3 - https:\/\/yoast.com\/product\/yoast-seo-wordpress\/ -->\n<title>Kontakt Best\u00e4tigung<\/title>\n<meta name=\"description\" content=\"Vielen Dank f\u00fcr Ihr Interesse an Everbridge. Wir sind hier, um Sie auf Ihrem Weg zu mehr Resilienz zu unterst\u00fctzen.\" \/>\n<meta name=\"robots\" content=\"index, follow, max-snippet:-1, max-image-preview:large, max-video-preview:-1\" \/>\n<link rel=\"canonical\" href=\"https:\/\/staging.everbridge.com\/de\/kontakt-bestaetigung\/\" \/>\n<meta property=\"og:locale\" content=\"de_DE\" \/>\n<meta property=\"og:type\" content=\"article\" \/>\n<meta property=\"og:title\" content=\"Kontakt Best\u00e4tigung\" \/>\n<meta property=\"og:description\" content=\"Vielen Dank f\u00fcr Ihr Interesse an Everbridge. Wir sind hier, um Sie auf Ihrem Weg zu mehr Resilienz zu unterst\u00fctzen.\" \/>\n<meta property=\"og:url\" content=\"https:\/\/staging.everbridge.com\/de\/kontakt-bestaetigung\/\" \/>\n<meta property=\"og:site_name\" content=\"Everbridge - Deutsch\" \/>\n<meta name=\"twitter:card\" content=\"summary_large_image\" \/>\n<meta name=\"twitter:label1\" content=\"Est. reading time\" \/>\n\t<meta name=\"twitter:data1\" content=\"1 minute\" \/>\n\t<meta name=\"twitter:label2\" content=\"Written by\" \/>\n\t<meta name=\"twitter:data2\" content=\"Ihr Everbridge Team\" \/>\n<script type=\"application\/ld+json\" class=\"yoast-schema-graph\">{\"@context\":\"https:\\\/\\\/schema.org\",\"@graph\":[{\"@type\":\"WebPage\",\"@id\":\"https:\\\/\\\/staging.everbridge.com\\\/de\\\/kontakt-bestaetigung\\\/\",\"url\":\"https:\\\/\\\/staging.everbridge.com\\\/de\\\/kontakt-bestaetigung\\\/\",\"name\":\"Kontakt Best\u00e4tigung\",\"isPartOf\":{\"@id\":\"https:\\\/\\\/staging.everbridge.com\\\/de\\\/#website\"},\"primaryImageOfPage\":{\"@id\":\"https:\\\/\\\/staging.everbridge.com\\\/de\\\/kontakt-bestaetigung\\\/#primaryimage\"},\"image\":{\"@id\":\"https:\\\/\\\/staging.everbridge.com\\\/de\\\/kontakt-bestaetigung\\\/#primaryimage\"},\"thumbnailUrl\":\"https:\\\/\\\/staging.everbridge.com\\\/es\\\/wp-content\\\/uploads\\\/sites\\\/5\\\/2022\\\/03\\\/Workplace-Violence-3.jpg\",\"datePublished\":\"2025-01-27T09:19:51+00:00\",\"description\":\"Vielen Dank f\u00fcr Ihr Interesse an Everbridge. Wir sind hier, um Sie auf Ihrem Weg zu mehr Resilienz zu unterst\u00fctzen.\",\"breadcrumb\":{\"@id\":\"https:\\\/\\\/staging.everbridge.com\\\/de\\\/kontakt-bestaetigung\\\/#breadcrumb\"},\"inLanguage\":\"de-DE\",\"potentialAction\":[{\"@type\":\"ReadAction\",\"target\":[\"https:\\\/\\\/staging.everbridge.com\\\/de\\\/kontakt-bestaetigung\\\/\"]}]},{\"@type\":\"ImageObject\",\"inLanguage\":\"de-DE\",\"@id\":\"https:\\\/\\\/staging.everbridge.com\\\/de\\\/kontakt-bestaetigung\\\/#primaryimage\",\"url\":\"https:\\\/\\\/staging.everbridge.com\\\/es\\\/wp-content\\\/uploads\\\/sites\\\/5\\\/2022\\\/03\\\/Workplace-Violence-3.jpg\",\"contentUrl\":\"https:\\\/\\\/staging.everbridge.com\\\/es\\\/wp-content\\\/uploads\\\/sites\\\/5\\\/2022\\\/03\\\/Workplace-Violence-3.jpg\"},{\"@type\":\"BreadcrumbList\",\"@id\":\"https:\\\/\\\/staging.everbridge.com\\\/de\\\/kontakt-bestaetigung\\\/#breadcrumb\",\"itemListElement\":[{\"@type\":\"ListItem\",\"position\":1,\"name\":\"Home\",\"item\":\"https:\\\/\\\/staging.everbridge.com\\\/de\\\/\"},{\"@type\":\"ListItem\",\"position\":2,\"name\":\"Kontakt Best\u00e4tigung\"}]},{\"@type\":\"WebSite\",\"@id\":\"https:\\\/\\\/staging.everbridge.com\\\/de\\\/#website\",\"url\":\"https:\\\/\\\/staging.everbridge.com\\\/de\\\/\",\"name\":\"Everbridge - Deutsch\",\"description\":\"Just another staging.everbridge.com site\",\"publisher\":{\"@id\":\"https:\\\/\\\/staging.everbridge.com\\\/de\\\/#organization\"},\"potentialAction\":[{\"@type\":\"SearchAction\",\"target\":{\"@type\":\"EntryPoint\",\"urlTemplate\":\"https:\\\/\\\/staging.everbridge.com\\\/de\\\/?s={search_term_string}\"},\"query-input\":{\"@type\":\"PropertyValueSpecification\",\"valueRequired\":true,\"valueName\":\"search_term_string\"}}],\"inLanguage\":\"de-DE\"},{\"@type\":\"Organization\",\"@id\":\"https:\\\/\\\/staging.everbridge.com\\\/de\\\/#organization\",\"name\":\"Everbridge - Deutsch\",\"url\":\"https:\\\/\\\/staging.everbridge.com\\\/de\\\/\",\"logo\":{\"@type\":\"ImageObject\",\"inLanguage\":\"de-DE\",\"@id\":\"https:\\\/\\\/staging.everbridge.com\\\/de\\\/#\\\/schema\\\/logo\\\/image\\\/\",\"url\":\"https:\\\/\\\/staging.everbridge.com\\\/de\\\/wp-content\\\/uploads\\\/sites\\\/4\\\/2023\\\/03\\\/EVBG-Logo-Full-Color-RGB.svg\",\"contentUrl\":\"https:\\\/\\\/staging.everbridge.com\\\/de\\\/wp-content\\\/uploads\\\/sites\\\/4\\\/2023\\\/03\\\/EVBG-Logo-Full-Color-RGB.svg\",\"width\":1568,\"height\":310,\"caption\":\"Everbridge - Deutsch\"},\"image\":{\"@id\":\"https:\\\/\\\/staging.everbridge.com\\\/de\\\/#\\\/schema\\\/logo\\\/image\\\/\"}}]}<\/script>\n<!-- \/ Yoast SEO plugin. -->","yoast_head_json":{"title":"Kontakt Best\u00e4tigung","description":"Vielen Dank f\u00fcr Ihr Interesse an Everbridge. Wir sind hier, um Sie auf Ihrem Weg zu mehr Resilienz zu unterst\u00fctzen.","robots":{"index":"index","follow":"follow","max-snippet":"max-snippet:-1","max-image-preview":"max-image-preview:large","max-video-preview":"max-video-preview:-1"},"canonical":"https:\/\/staging.everbridge.com\/de\/kontakt-bestaetigung\/","og_locale":"de_DE","og_type":"article","og_title":"Kontakt Best\u00e4tigung","og_description":"Vielen Dank f\u00fcr Ihr Interesse an Everbridge. Wir sind hier, um Sie auf Ihrem Weg zu mehr Resilienz zu unterst\u00fctzen.","og_url":"https:\/\/staging.everbridge.com\/de\/kontakt-bestaetigung\/","og_site_name":"Everbridge - Deutsch","twitter_card":"summary_large_image","twitter_misc":{"Est. reading time":"1 minute","Written by":"Ihr Everbridge Team"},"schema":{"@context":"https:\/\/schema.org","@graph":[{"@type":"WebPage","@id":"https:\/\/staging.everbridge.com\/de\/kontakt-bestaetigung\/","url":"https:\/\/staging.everbridge.com\/de\/kontakt-bestaetigung\/","name":"Kontakt Best\u00e4tigung","isPartOf":{"@id":"https:\/\/staging.everbridge.com\/de\/#website"},"primaryImageOfPage":{"@id":"https:\/\/staging.everbridge.com\/de\/kontakt-bestaetigung\/#primaryimage"},"image":{"@id":"https:\/\/staging.everbridge.com\/de\/kontakt-bestaetigung\/#primaryimage"},"thumbnailUrl":"https:\/\/staging.everbridge.com\/es\/wp-content\/uploads\/sites\/5\/2022\/03\/Workplace-Violence-3.jpg","datePublished":"2025-01-27T09:19:51+00:00","description":"Vielen Dank f\u00fcr Ihr Interesse an Everbridge. Wir sind hier, um Sie auf Ihrem Weg zu mehr Resilienz zu unterst\u00fctzen.","breadcrumb":{"@id":"https:\/\/staging.everbridge.com\/de\/kontakt-bestaetigung\/#breadcrumb"},"inLanguage":"de-DE","potentialAction":[{"@type":"ReadAction","target":["https:\/\/staging.everbridge.com\/de\/kontakt-bestaetigung\/"]}]},{"@type":"ImageObject","inLanguage":"de-DE","@id":"https:\/\/staging.everbridge.com\/de\/kontakt-bestaetigung\/#primaryimage","url":"https:\/\/staging.everbridge.com\/es\/wp-content\/uploads\/sites\/5\/2022\/03\/Workplace-Violence-3.jpg","contentUrl":"https:\/\/staging.everbridge.com\/es\/wp-content\/uploads\/sites\/5\/2022\/03\/Workplace-Violence-3.jpg"},{"@type":"BreadcrumbList","@id":"https:\/\/staging.everbridge.com\/de\/kontakt-bestaetigung\/#breadcrumb","itemListElement":[{"@type":"ListItem","position":1,"name":"Home","item":"https:\/\/staging.everbridge.com\/de\/"},{"@type":"ListItem","position":2,"name":"Kontakt Best\u00e4tigung"}]},{"@type":"WebSite","@id":"https:\/\/staging.everbridge.com\/de\/#website","url":"https:\/\/staging.everbridge.com\/de\/","name":"Everbridge - Deutsch","description":"Just another staging.everbridge.com site","publisher":{"@id":"https:\/\/staging.everbridge.com\/de\/#organization"},"potentialAction":[{"@type":"SearchAction","target":{"@type":"EntryPoint","urlTemplate":"https:\/\/staging.everbridge.com\/de\/?s={search_term_string}"},"query-input":{"@type":"PropertyValueSpecification","valueRequired":true,"valueName":"search_term_string"}}],"inLanguage":"de-DE"},{"@type":"Organization","@id":"https:\/\/staging.everbridge.com\/de\/#organization","name":"Everbridge - Deutsch","url":"https:\/\/staging.everbridge.com\/de\/","logo":{"@type":"ImageObject","inLanguage":"de-DE","@id":"https:\/\/staging.everbridge.com\/de\/#\/schema\/logo\/image\/","url":"https:\/\/staging.everbridge.com\/de\/wp-content\/uploads\/sites\/4\/2023\/03\/EVBG-Logo-Full-Color-RGB.svg","contentUrl":"https:\/\/staging.everbridge.com\/de\/wp-content\/uploads\/sites\/4\/2023\/03\/EVBG-Logo-Full-Color-RGB.svg","width":1568,"height":310,"caption":"Everbridge - Deutsch"},"image":{"@id":"https:\/\/staging.everbridge.com\/de\/#\/schema\/logo\/image\/"}}]}},"get_extra_meta_fields":{"date_format":"F j, Y","is_summary":false,"description":"Vielen Dank f\u00fcr Ihr Interesse an Everbridge. Wir sind hier, um Sie auf Ihrem Weg zu mehr Resilienz zu unterst\u00fctzen.\u2026 ","external_url":"https:\/\/staging.everbridge.com\/de\/kontakt-bestaetigung\/","link_text":"Read more"},"get_external_url":"https:\/\/staging.everbridge.com\/de\/kontakt-bestaetigung\/","get_external_title":"Read more","get_term_title":{"author":"ihr-everbridge-team"},"_links":{"self":[{"href":"https:\/\/staging.everbridge.com\/de\/wp-json\/wp\/v2\/pages\/92737","targetHints":{"allow":["GET"]}}],"collection":[{"href":"https:\/\/staging.everbridge.com\/de\/wp-json\/wp\/v2\/pages"}],"about":[{"href":"https:\/\/staging.everbridge.com\/de\/wp-json\/wp\/v2\/types\/page"}],"author":[{"embeddable":true,"href":"https:\/\/staging.everbridge.com\/de\/wp-json\/wp\/v2\/users\/200"}],"replies":[{"embeddable":true,"href":"https:\/\/staging.everbridge.com\/de\/wp-json\/wp\/v2\/comments?post=92737"}],"version-history":[{"count":0,"href":"https:\/\/staging.everbridge.com\/de\/wp-json\/wp\/v2\/pages\/92737\/revisions"}],"wp:attachment":[{"href":"https:\/\/staging.everbridge.com\/de\/wp-json\/wp\/v2\/media?parent=92737"}],"wp:term":[{"taxonomy":"author","embeddable":true,"href":"https:\/\/staging.everbridge.com\/de\/wp-json\/wp\/v2\/coauthors?post=92737"}],"curies":[{"name":"wp","href":"https:\/\/api.w.org\/{rel}","templated":true}]}}