{"id":92394,"date":"2024-10-22T11:30:16","date_gmt":"2024-10-22T11:30:16","guid":{"rendered":"https:\/\/staging.everbridge.com\/de\/?page_id=92394"},"modified":"2024-10-23T17:55:58","modified_gmt":"2024-10-23T17:55:58","slug":"alleinarbeiterschutz","status":"publish","type":"page","link":"https:\/\/staging.everbridge.com\/de\/einsatzgebiete\/alleinarbeiterschutz\/","title":{"rendered":"Alleinarbeiterschutz"},"content":{"rendered":"<div class=\"wp-block-tenup-hero-inside-rebrand\">\n\t<div class=\"hero-inside-block-rebrand\">\n\t\t<div class=\"hero-inside-container\">\n\t\t\t\n\n<div class=\"wp-block-columns is-layout-flex wp-container-core-columns-is-layout-9d6595d7 wp-block-columns-is-layout-flex\">\n<div class=\"wp-block-column hero-inside-column hero-inside-left is-layout-flow wp-block-column-is-layout-flow\" style=\"flex-basis:50%\">\n<h6 class=\"wp-block-heading hero-sub-title\" id=\"h-\"><\/h6>\n\n\n\n<h1 class=\"wp-block-heading hero-entry-title\" id=\"h-lone-worker-safety\">Alleinarbeiterschutz<\/h1>\n\n\n\n<p class=\"hero-content lead \">Die Sicherheit und der Schutz von Mitarbeitenden, die mobil oder allein arbeiten, sind f\u00fcr viele Unternehmen von gro\u00dfer Bedeutung und gleichzeitig eine erhebliche Herausforderung. Der Alleinarbeiterschutz ist entscheidend, um Risiken f\u00fcr Besch\u00e4ftigte zu minimieren. <\/p>\n<\/div>\n\n\n\n<div class=\"wp-block-column hero-inside-column hero-inside-right is-layout-flow wp-block-column-is-layout-flow\" style=\"flex-basis:50%\">\n<figure class=\"wp-block-image aligncenter size-full is-resized hero-image-wrap\"><div class=\"wp-block-image-wrap\"><img decoding=\"async\" src=\"https:\/\/staging.everbridge.com\/wp-content\/uploads\/2023\/05\/lone-worker-safety-cropped.png\" alt=\"Lone Worker Safety Cropped\" class=\"wp-image-95380\" style=\"width:500px;height:500px\" \/><\/div><\/figure>\n<\/div>\n<\/div>\n\n\t\t<\/div>\n\t<\/div>\n<\/div>\n\n\n\n<div class=\"wp-block-columns is-layout-flex wp-container-core-columns-is-layout-9d6595d7 wp-block-columns-is-layout-flex\">\n<div class=\"wp-block-column is-layout-flow wp-block-column-is-layout-flow\">\n<h2 class=\"wp-block-heading pt-2 pb-2 has-000000-color has-text-color\" id=\"h-what-is-a-lone-worker\">Was sind Alleinarbeitende?<\/h2>\n\n\n\n<p class=\"\">Laut Berg Insight gibt es in Kanada, den USA und Europa zusammen 53 Millionen Alleinarbeiter \u2013 etwa 15 Prozent der gesamten Erwerbsbev\u00f6lkerung!<\/p>\n\n\n\n<p class=\"\">Die Health and Safety Executive definiert Alleinarbeiter als Personen, die allein ohne direkte Aufsicht arbeiten. Alleinarbeiter sind nicht unbedingt physisch allein; sie k\u00f6nnen sich lediglich an einem anderen Ort als der Rest ihres Teams oder ihres Vorgesetzten befinden. Laut Guardian24 umfassen Alleinarbeiter Personen, die:<\/p>\n<\/div>\n<\/div>\n\n\n\n<div class=\"wp-block-group is-layout-flow wp-block-group-is-layout-flow\">\n<div class=\"wp-block-columns col-3 is-layout-flex wp-container-core-columns-is-layout-9d6595d7 wp-block-columns-is-layout-flex\">\n<div class=\"wp-block-column is-layout-flow wp-block-column-is-layout-flow\">\n<figure class=\"wp-block-image size-full size-fullwp-block-image\"><img decoding=\"async\" src=\"https:\/\/staging.everbridge.com\/wp-content\/uploads\/2022\/09\/work-mobile-360x200-1.jpg\" alt=\"\" class=\"wp-image-90195\"\/><\/figure>\n\n\n\n<h3 class=\"wp-block-heading\" id=\"h-work-mobile\">Mobil arbeiten<\/h3>\n\n\n\n<p class=\"\">Zum Beispiel Taxifahrer, Chauffeure und Lkw-Fahrer.<\/p>\n<\/div>\n\n\n\n<div class=\"wp-block-column is-layout-flow wp-block-column-is-layout-flow\">\n<figure class=\"wp-block-image size-full size-fullwp-block-image\"><img decoding=\"async\" src=\"https:\/\/staging.everbridge.com\/wp-content\/uploads\/2022\/09\/work-at-home-360x200-1.jpg\" alt=\"\" class=\"wp-image-90196\"\/><\/figure>\n\n\n\n<h3 class=\"wp-block-heading\" id=\"h-work-at-home\">Zu Hause arbeiten<\/h3>\n\n\n\n<p class=\"\">Zum Beispiel Vertriebs- und Kundenservice-Mitarbeiter, Grafikdesigner und Berater.<\/p>\n<\/div>\n\n\n\n<div class=\"wp-block-column is-layout-flow wp-block-column-is-layout-flow\">\n<figure class=\"wp-block-image size-full size-fullwp-block-image\"><img decoding=\"async\" src=\"https:\/\/staging.everbridge.com\/wp-content\/uploads\/2022\/09\/work-away-from-fixed-base-360x200-1.jpg\" alt=\"\" class=\"wp-image-90197\"\/><\/figure>\n\n\n\n<h3 class=\"wp-block-heading\" id=\"h-work-away-from-a-fixed-base\">Arbeiten fernab eines festen Standorts<\/h3>\n\n\n\n<p class=\"\">Zum Beispiel Wartungskr\u00e4fte, Gesundheitsarbeiter, Umweltinspektoren, Land- und Forstarbeiter sowie Personen, die in geschlossenen R\u00e4umen arbeiten.<\/p>\n<\/div>\n\n\n\n<div class=\"wp-block-column is-layout-flow wp-block-column-is-layout-flow\">\n<figure class=\"wp-block-image size-full size-fullwp-block-image\"><img decoding=\"async\" src=\"https:\/\/staging.everbridge.com\/wp-content\/uploads\/2022\/09\/work-separately-from-others-360x200-1.jpg\" alt=\"\" class=\"wp-image-90198\"\/><\/figure>\n\n\n\n<h3 class=\"wp-block-heading\" id=\"h-work-separately-from-others\">Gesondert von anderen arbeiten<\/h3>\n\n\n\n<p class=\"\">Auf demselben Gel\u00e4nde oder au\u00dferhalb der normalen Arbeitszeiten, wie zum Beispiel Sicherheitspersonal.<\/p>\n<\/div>\n\n\n\n<div class=\"wp-block-column is-layout-flow wp-block-column-is-layout-flow\">\n<figure class=\"wp-block-image size-full size-fullwp-block-image\"><img decoding=\"async\" src=\"https:\/\/staging.everbridge.com\/wp-content\/uploads\/2022\/09\/work-from-a-fixed-base-360x200-1.jpg\" alt=\"\" class=\"wp-image-90199\"\/><\/figure>\n\n\n\n<h3 class=\"wp-block-heading\" id=\"h-work-from-a-fixed-base-or-alone\">Arbeiten von einem festen Standort oder allein<\/h3>\n\n\n\n<p class=\"\">Zum Beispiel in Gesch\u00e4ften und Tankstellen.<\/p>\n<\/div>\n<\/div>\n<\/div>\n\n\n\n<div class=\"wp-block-columns is-layout-flex wp-container-core-columns-is-layout-9d6595d7 wp-block-columns-is-layout-flex\">\n<div class=\"wp-block-column is-layout-flow wp-block-column-is-layout-flow\">\n<h2 class=\"wp-block-heading\" id=\"h-out-of-sight-does-not-mean-out-of-mind\">Aus den Augen, nicht aus dem Sinn<\/h2>\n\n\n\n<p class=\"\">Die <a href=\"http:\/\/www.businesswire.com\/news\/home\/20120105005455\/en\/Mobile-Worker-Population-Reach-1.3-Billion-2015#.VWyTlFxVikq\">International Data Corporation (IDC)<\/a> sch\u00e4tzt, dass es weltweit etwa 1,3 Milliarden mobile Arbeiter gibt. <a href=\"http:\/\/www.businesswire.com\/news\/home\/20150623005073\/en\/IDC-Forecasts-U.S.-Mobile-Worker-Population-Surpass\">IDC<\/a> prognostiziert, dass bis 2020 72 % der Erwerbsbev\u00f6lkerung mobil sein werden. Viele dieser mobilen Arbeiter arbeiten kontinuierlich oder zeitweise alleine w\u00e4hrend ihres Arbeitstages. Der Anstieg von mobilen und Alleinarbeitern bringt neue Herausforderungen f\u00fcr Sicherheitsfachleute mit sich \u2013 wie k\u00f6nnen wir unsere Mitarbeiter sch\u00fctzen, wenn sie alleine arbeiten?<\/p>\n\n\n\n<p class=\"\">Organisationen m\u00fcssen ihre Sorgfaltspflicht neu definieren und Ma\u00dfnahmen ergreifen, um die Sicherheit von Alleinarbeitern zu gew\u00e4hrleisten. Das <a href=\"http:\/\/www.safetyandhealthmagazine.com\/articles\/12628-lone-worker-safety\">Safety and Health Magazine<\/a> empfiehlt, Richtlinien zur Kommunikation mit Arbeitern zu entwickeln und verf\u00fcgbare Technologien zu nutzen, um den Standort und die Bewegungen der Arbeiter zu verfolgen, damit sich Alleinarbeiter nie wirklich allein f\u00fchlen. Nicht nur werden sich Alleinarbeiter st\u00e4rker mit ihrem Arbeitgeber verbunden f\u00fchlen, sondern eine direkte Verbindung k\u00f6nnte auch die Produktivit\u00e4t und Mitarbeiterbindung steigern. Wenn sie wissen, dass ihr Arbeitgeber stark in ihre Sicherheit investiert, werden sie weniger geneigt sein, nach einer neuen Anstellung zu suchen.<\/p>\n<\/div>\n<\/div>\n\n\n\n<div class=\"wp-block-group cards-image-wrap-pattern-rebrand cards-image-on-left-pattern-rebrand is-layout-flow wp-block-group-is-layout-flow\">\n<div class=\"wp-block-columns is-layout-flex wp-container-core-columns-is-layout-9d6595d7 wp-block-columns-is-layout-flex\">\n<div class=\"wp-block-column is-layout-flow wp-block-column-is-layout-flow\" style=\"flex-basis:40%\">\n<figure class=\"wp-block-image size-large is-style-rc-right-topwp-block-image is-style-rc-right-top\"><img loading=\"lazy\" decoding=\"async\" src=\"https:\/\/staging.everbridge.com\/de\/wp-content\/uploads\/sites\/4\/2024\/10\/image.jpeg\" alt=\"Cards Image Left\" class=\"wp-image-92397\"\/ width=\"1000\" height=\"600\" srcset=\"https:\/\/staging.everbridge.com\/de\/wp-content\/uploads\/sites\/4\/2024\/10\/image.jpeg 1000w, https:\/\/staging.everbridge.com\/de\/wp-content\/uploads\/sites\/4\/2024\/10\/image-300x180.jpeg 300w, https:\/\/staging.everbridge.com\/de\/wp-content\/uploads\/sites\/4\/2024\/10\/image-768x461.jpeg 768w\" sizes=\"auto, (max-width: 1000px) 100vw, 1000px\" \/><\/figure>\n<\/div>\n\n\n\n<div class=\"wp-block-column is-layout-flow wp-block-column-is-layout-flow\" style=\"flex-basis:60%\">\n<h2 class=\"wp-block-heading section-title\" id=\"h-protect-your-lone-workers-with-everbridge-safety-connection\">Sch\u00fctzen Sie Ihre Alleinarbeitenden mit der Everbridge Safety Connection<\/h2>\n\n\n\n<p class=\"\">Jede Organisation hat Prozesse, um auf Vorf\u00e4lle zu reagieren, aber oft f\u00fchren diese zu verpassten SLAs und einer schlechten Kundenerfahrung. Durch die Einrichtung automatisierter Workflows k\u00f6nnen Vorf\u00e4lle schneller gel\u00f6st werden. Schnelle Dienstleistungen in gro\u00dfem Ma\u00dfstab f\u00fchren zu positiven Kundenerfahrungen, was die wichtigste Kennzahl f\u00fcr alle Organisationen ist. <\/p>\n\n\n\n<div class=\"wp-block-buttons is-layout-flex wp-block-buttons-is-layout-flex\">\n<div class=\"wp-block-button is-style-button-style-1\"><a class=\"wp-block-button__link wp-element-button\" href=\"https:\/\/staging.everbridge.com\/de\/products\/safety-connection\/\">Mehr erfahren<\/a><\/div>\n<\/div>\n<\/div>\n<\/div>\n<\/div>\n\n\n\n<div class=\"wp-block-group featured-resources-wrap has-fafafa-background-color has-background is-layout-flow wp-block-group-is-layout-flow\">\n<div class=\"wp-block-columns featured-resources-heading is-layout-flex wp-container-core-columns-is-layout-9d6595d7 wp-block-columns-is-layout-flex\">\n<div class=\"wp-block-column is-layout-flow wp-block-column-is-layout-flow\" style=\"flex-basis:80%\">\n<h2 class=\"wp-block-heading has-02010-a-color has-text-color\" id=\"h-organizations-of-all-sizes-can-promote-lone-worker-safety-with-everbridge-safety-connection\">Organisationen jeder Gr\u00f6\u00dfe k\u00f6nnen die Sicherheit von Alleinarbeitenden sowohl operativ als auch im Einklang mit arbeitsrechtlichen Vorschriften f\u00f6rdern<\/h2>\n<\/div>\n\n\n\n<div class=\"wp-block-column is-layout-flow wp-block-column-is-layout-flow\" style=\"flex-basis:20%\"><\/div>\n<\/div>\n\n\n\n<div class=\"wp-block-columns featured-resources-lists is-layout-flex wp-container-core-columns-is-layout-9d6595d7 wp-block-columns-is-layout-flex\">\n<div class=\"wp-block-column is-layout-flow wp-block-column-is-layout-flow\">\n<figure class=\"wp-block-image size-large is-resized size-fullwp-block-image size-full\"><a href=\"#\"><img decoding=\"async\" src=\"https:\/\/staging.everbridge.com\/wp-content\/uploads\/2023\/03\/Icon-Alert-Circular-Black.svg\" alt=\"Everbridge placeholder\" style=\"width:56px;height:50px\"\/><\/a><\/figure>\n\n\n\n<h4 class=\"wp-block-heading\" id=\"h-panic-button\" style=\"font-style:normal;font-weight:500\">Panic Button<\/h4>\n\n\n\n<p class=\"\">Senden Sie eine Panikmeldung an das Sicherheitsteam mit ihrem aktuellen Standort. Neben dem Standort werden auch Audio- und Videodaten \u00fcbertragen und geteilt.<\/p>\n<\/div>\n\n\n\n<div class=\"wp-block-column is-layout-flow wp-block-column-is-layout-flow\">\n<figure class=\"wp-block-image size-large is-resized size-fullwp-block-image size-full\"><a href=\"#\"><img decoding=\"async\" src=\"https:\/\/staging.everbridge.com\/wp-content\/uploads\/2023\/03\/Icon-Location-Black.svg\" alt=\"Everbridge placeholder\" style=\"width:48px;height:50px\"\/><\/a><\/figure>\n\n\n\n<h4 class=\"wp-block-heading\" id=\"h-check-in-capability\" style=\"font-style:normal;font-weight:500\">Check-in Funktion<\/h4>\n\n\n\n<p class=\"\">Erfassen und melden Sie die Geo-Standortinformationen Ihrer Kontakte an Ihr Sicherheitszentrum.<\/p>\n<\/div>\n\n\n\n<div class=\"wp-block-column is-layout-flow wp-block-column-is-layout-flow\">\n<figure class=\"wp-block-image size-large is-resized size-fullwp-block-image size-full\"><a href=\"#\"><img decoding=\"async\" src=\"https:\/\/staging.everbridge.com\/wp-content\/uploads\/2023\/03\/Icon-Safe-Corridor-Black.svg\" alt=\"Everbridge placeholder\" style=\"width:50px;height:50px\"\/><\/a><\/figure>\n\n\n\n<h4 class=\"wp-block-heading\" id=\"h-safe-corridor\" style=\"font-style:normal;font-weight:300\">Sicherer Korridor<\/h4>\n\n\n\n<p class=\"\">Bleiben Sie sicher, auch wenn Sie einen unsicheren Bereich betreten oder durchqueren. Der sichere Korridor l\u00f6st eine Panikmeldung aus, wenn etwas Ungew\u00f6hnliches passiert.<\/p>\n<\/div>\n<\/div>\n<\/div>\n\n\n\n<p class=\"\"><\/p>\n","protected":false},"excerpt":{"rendered":"<p>Was sind Alleinarbeitende? Laut Berg Insight gibt es in Kanada, den USA und Europa zusammen 53 Millionen Alleinarbeiter \u2013 etwa\u2026 <\/p>\n","protected":false},"author":167,"featured_media":0,"parent":92408,"menu_order":0,"comment_status":"closed","ping_status":"closed","template":"","meta":{"_trash_the_other_posts":false,"_hide_footer":false,"resource_type":[],"editor_notices":[],"footnotes":"","page_schemas":[]},"coauthors":[106],"class_list":["post-92394","page","type-page","status-publish","hentry"],"yoast_primary_category":{"author":"msumner"},"featured_image_src":null,"yoast_head":"<!-- This site is optimized with the Yoast SEO plugin v27.3 - https:\/\/yoast.com\/product\/yoast-seo-wordpress\/ -->\n<title>Alleinarbeiterschutz - Everbridge - Deutsch<\/title>\n<meta name=\"description\" content=\"Effektiver Alleinarbeiterschutz, um Mitarbeitende in isolierten Umgebungen zu sch\u00fctzen und gesetzliche Sicherheitsvorgaben zu gew\u00e4hrleisten.\" \/>\n<meta name=\"robots\" content=\"index, follow, max-snippet:-1, max-image-preview:large, max-video-preview:-1\" \/>\n<link rel=\"canonical\" href=\"https:\/\/staging.everbridge.com\/de\/einsatzgebiete\/alleinarbeiterschutz\/\" \/>\n<meta property=\"og:locale\" content=\"de_DE\" \/>\n<meta property=\"og:type\" content=\"article\" \/>\n<meta property=\"og:title\" content=\"Alleinarbeiterschutz - Everbridge - Deutsch\" \/>\n<meta property=\"og:description\" content=\"Effektiver Alleinarbeiterschutz, um Mitarbeitende in isolierten Umgebungen zu sch\u00fctzen und gesetzliche Sicherheitsvorgaben zu gew\u00e4hrleisten.\" \/>\n<meta property=\"og:url\" content=\"https:\/\/staging.everbridge.com\/de\/einsatzgebiete\/alleinarbeiterschutz\/\" \/>\n<meta property=\"og:site_name\" content=\"Everbridge - Deutsch\" \/>\n<meta property=\"article:modified_time\" content=\"2024-10-23T17:55:58+00:00\" \/>\n<meta property=\"og:image\" content=\"https:\/\/staging.everbridge.com\/wp-content\/uploads\/2023\/05\/lone-worker-safety-cropped.png\" \/>\n<meta name=\"twitter:card\" content=\"summary_large_image\" \/>\n<meta name=\"twitter:label1\" content=\"Est. reading time\" \/>\n\t<meta name=\"twitter:data1\" content=\"5 minutes\" \/>\n\t<meta name=\"twitter:label2\" content=\"Written by\" \/>\n\t<meta name=\"twitter:data2\" content=\"msumner\" \/>\n<script type=\"application\/ld+json\" class=\"yoast-schema-graph\">{\"@context\":\"https:\\\/\\\/schema.org\",\"@graph\":[{\"@type\":\"WebPage\",\"@id\":\"https:\\\/\\\/staging.everbridge.com\\\/de\\\/einsatzgebiete\\\/alleinarbeiterschutz\\\/\",\"url\":\"https:\\\/\\\/staging.everbridge.com\\\/de\\\/einsatzgebiete\\\/alleinarbeiterschutz\\\/\",\"name\":\"Alleinarbeiterschutz - Everbridge - Deutsch\",\"isPartOf\":{\"@id\":\"https:\\\/\\\/staging.everbridge.com\\\/de\\\/#website\"},\"primaryImageOfPage\":{\"@id\":\"https:\\\/\\\/staging.everbridge.com\\\/de\\\/einsatzgebiete\\\/alleinarbeiterschutz\\\/#primaryimage\"},\"image\":{\"@id\":\"https:\\\/\\\/staging.everbridge.com\\\/de\\\/einsatzgebiete\\\/alleinarbeiterschutz\\\/#primaryimage\"},\"thumbnailUrl\":\"https:\\\/\\\/staging.everbridge.com\\\/wp-content\\\/uploads\\\/2023\\\/05\\\/lone-worker-safety-cropped.png\",\"datePublished\":\"2024-10-22T11:30:16+00:00\",\"dateModified\":\"2024-10-23T17:55:58+00:00\",\"description\":\"Effektiver Alleinarbeiterschutz, um Mitarbeitende in isolierten Umgebungen zu sch\u00fctzen und gesetzliche Sicherheitsvorgaben zu gew\u00e4hrleisten.\",\"breadcrumb\":{\"@id\":\"https:\\\/\\\/staging.everbridge.com\\\/de\\\/einsatzgebiete\\\/alleinarbeiterschutz\\\/#breadcrumb\"},\"inLanguage\":\"de-DE\",\"potentialAction\":[{\"@type\":\"ReadAction\",\"target\":[\"https:\\\/\\\/staging.everbridge.com\\\/de\\\/einsatzgebiete\\\/alleinarbeiterschutz\\\/\"]}]},{\"@type\":\"ImageObject\",\"inLanguage\":\"de-DE\",\"@id\":\"https:\\\/\\\/staging.everbridge.com\\\/de\\\/einsatzgebiete\\\/alleinarbeiterschutz\\\/#primaryimage\",\"url\":\"https:\\\/\\\/staging.everbridge.com\\\/wp-content\\\/uploads\\\/2023\\\/05\\\/lone-worker-safety-cropped.png\",\"contentUrl\":\"https:\\\/\\\/staging.everbridge.com\\\/wp-content\\\/uploads\\\/2023\\\/05\\\/lone-worker-safety-cropped.png\"},{\"@type\":\"BreadcrumbList\",\"@id\":\"https:\\\/\\\/staging.everbridge.com\\\/de\\\/einsatzgebiete\\\/alleinarbeiterschutz\\\/#breadcrumb\",\"itemListElement\":[{\"@type\":\"ListItem\",\"position\":1,\"name\":\"Home\",\"item\":\"https:\\\/\\\/staging.everbridge.com\\\/de\\\/\"},{\"@type\":\"ListItem\",\"position\":2,\"name\":\"Einsatzgebiete\",\"item\":\"https:\\\/\\\/staging.everbridge.com\\\/de\\\/einsatzgebiete\\\/\"},{\"@type\":\"ListItem\",\"position\":3,\"name\":\"Alleinarbeiterschutz\"}]},{\"@type\":\"WebSite\",\"@id\":\"https:\\\/\\\/staging.everbridge.com\\\/de\\\/#website\",\"url\":\"https:\\\/\\\/staging.everbridge.com\\\/de\\\/\",\"name\":\"Everbridge - Deutsch\",\"description\":\"Just another staging.everbridge.com site\",\"publisher\":{\"@id\":\"https:\\\/\\\/staging.everbridge.com\\\/de\\\/#organization\"},\"potentialAction\":[{\"@type\":\"SearchAction\",\"target\":{\"@type\":\"EntryPoint\",\"urlTemplate\":\"https:\\\/\\\/staging.everbridge.com\\\/de\\\/?s={search_term_string}\"},\"query-input\":{\"@type\":\"PropertyValueSpecification\",\"valueRequired\":true,\"valueName\":\"search_term_string\"}}],\"inLanguage\":\"de-DE\"},{\"@type\":\"Organization\",\"@id\":\"https:\\\/\\\/staging.everbridge.com\\\/de\\\/#organization\",\"name\":\"Everbridge - Deutsch\",\"url\":\"https:\\\/\\\/staging.everbridge.com\\\/de\\\/\",\"logo\":{\"@type\":\"ImageObject\",\"inLanguage\":\"de-DE\",\"@id\":\"https:\\\/\\\/staging.everbridge.com\\\/de\\\/#\\\/schema\\\/logo\\\/image\\\/\",\"url\":\"https:\\\/\\\/staging.everbridge.com\\\/de\\\/wp-content\\\/uploads\\\/sites\\\/4\\\/2023\\\/03\\\/EVBG-Logo-Full-Color-RGB.svg\",\"contentUrl\":\"https:\\\/\\\/staging.everbridge.com\\\/de\\\/wp-content\\\/uploads\\\/sites\\\/4\\\/2023\\\/03\\\/EVBG-Logo-Full-Color-RGB.svg\",\"width\":1568,\"height\":310,\"caption\":\"Everbridge - Deutsch\"},\"image\":{\"@id\":\"https:\\\/\\\/staging.everbridge.com\\\/de\\\/#\\\/schema\\\/logo\\\/image\\\/\"}}]}<\/script>\n<!-- \/ Yoast SEO plugin. -->","yoast_head_json":{"title":"Alleinarbeiterschutz - Everbridge - Deutsch","description":"Effektiver Alleinarbeiterschutz, um Mitarbeitende in isolierten Umgebungen zu sch\u00fctzen und gesetzliche Sicherheitsvorgaben zu gew\u00e4hrleisten.","robots":{"index":"index","follow":"follow","max-snippet":"max-snippet:-1","max-image-preview":"max-image-preview:large","max-video-preview":"max-video-preview:-1"},"canonical":"https:\/\/staging.everbridge.com\/de\/einsatzgebiete\/alleinarbeiterschutz\/","og_locale":"de_DE","og_type":"article","og_title":"Alleinarbeiterschutz - Everbridge - Deutsch","og_description":"Effektiver Alleinarbeiterschutz, um Mitarbeitende in isolierten Umgebungen zu sch\u00fctzen und gesetzliche Sicherheitsvorgaben zu gew\u00e4hrleisten.","og_url":"https:\/\/staging.everbridge.com\/de\/einsatzgebiete\/alleinarbeiterschutz\/","og_site_name":"Everbridge - Deutsch","article_modified_time":"2024-10-23T17:55:58+00:00","og_image":[{"url":"https:\/\/staging.everbridge.com\/wp-content\/uploads\/2023\/05\/lone-worker-safety-cropped.png","type":"","width":"","height":""}],"twitter_card":"summary_large_image","twitter_misc":{"Est. reading time":"5 minutes","Written by":"msumner"},"schema":{"@context":"https:\/\/schema.org","@graph":[{"@type":"WebPage","@id":"https:\/\/staging.everbridge.com\/de\/einsatzgebiete\/alleinarbeiterschutz\/","url":"https:\/\/staging.everbridge.com\/de\/einsatzgebiete\/alleinarbeiterschutz\/","name":"Alleinarbeiterschutz - Everbridge - Deutsch","isPartOf":{"@id":"https:\/\/staging.everbridge.com\/de\/#website"},"primaryImageOfPage":{"@id":"https:\/\/staging.everbridge.com\/de\/einsatzgebiete\/alleinarbeiterschutz\/#primaryimage"},"image":{"@id":"https:\/\/staging.everbridge.com\/de\/einsatzgebiete\/alleinarbeiterschutz\/#primaryimage"},"thumbnailUrl":"https:\/\/staging.everbridge.com\/wp-content\/uploads\/2023\/05\/lone-worker-safety-cropped.png","datePublished":"2024-10-22T11:30:16+00:00","dateModified":"2024-10-23T17:55:58+00:00","description":"Effektiver Alleinarbeiterschutz, um Mitarbeitende in isolierten Umgebungen zu sch\u00fctzen und gesetzliche Sicherheitsvorgaben zu gew\u00e4hrleisten.","breadcrumb":{"@id":"https:\/\/staging.everbridge.com\/de\/einsatzgebiete\/alleinarbeiterschutz\/#breadcrumb"},"inLanguage":"de-DE","potentialAction":[{"@type":"ReadAction","target":["https:\/\/staging.everbridge.com\/de\/einsatzgebiete\/alleinarbeiterschutz\/"]}]},{"@type":"ImageObject","inLanguage":"de-DE","@id":"https:\/\/staging.everbridge.com\/de\/einsatzgebiete\/alleinarbeiterschutz\/#primaryimage","url":"https:\/\/staging.everbridge.com\/wp-content\/uploads\/2023\/05\/lone-worker-safety-cropped.png","contentUrl":"https:\/\/staging.everbridge.com\/wp-content\/uploads\/2023\/05\/lone-worker-safety-cropped.png"},{"@type":"BreadcrumbList","@id":"https:\/\/staging.everbridge.com\/de\/einsatzgebiete\/alleinarbeiterschutz\/#breadcrumb","itemListElement":[{"@type":"ListItem","position":1,"name":"Home","item":"https:\/\/staging.everbridge.com\/de\/"},{"@type":"ListItem","position":2,"name":"Einsatzgebiete","item":"https:\/\/staging.everbridge.com\/de\/einsatzgebiete\/"},{"@type":"ListItem","position":3,"name":"Alleinarbeiterschutz"}]},{"@type":"WebSite","@id":"https:\/\/staging.everbridge.com\/de\/#website","url":"https:\/\/staging.everbridge.com\/de\/","name":"Everbridge - Deutsch","description":"Just another staging.everbridge.com site","publisher":{"@id":"https:\/\/staging.everbridge.com\/de\/#organization"},"potentialAction":[{"@type":"SearchAction","target":{"@type":"EntryPoint","urlTemplate":"https:\/\/staging.everbridge.com\/de\/?s={search_term_string}"},"query-input":{"@type":"PropertyValueSpecification","valueRequired":true,"valueName":"search_term_string"}}],"inLanguage":"de-DE"},{"@type":"Organization","@id":"https:\/\/staging.everbridge.com\/de\/#organization","name":"Everbridge - Deutsch","url":"https:\/\/staging.everbridge.com\/de\/","logo":{"@type":"ImageObject","inLanguage":"de-DE","@id":"https:\/\/staging.everbridge.com\/de\/#\/schema\/logo\/image\/","url":"https:\/\/staging.everbridge.com\/de\/wp-content\/uploads\/sites\/4\/2023\/03\/EVBG-Logo-Full-Color-RGB.svg","contentUrl":"https:\/\/staging.everbridge.com\/de\/wp-content\/uploads\/sites\/4\/2023\/03\/EVBG-Logo-Full-Color-RGB.svg","width":1568,"height":310,"caption":"Everbridge - Deutsch"},"image":{"@id":"https:\/\/staging.everbridge.com\/de\/#\/schema\/logo\/image\/"}}]}},"get_extra_meta_fields":{"date_format":"F j, Y","is_summary":false,"description":"Was sind Alleinarbeitende? Laut Berg Insight gibt es in Kanada, den USA und Europa zusammen 53 Millionen Alleinarbeiter \u2013 etwa\u2026 ","external_url":"https:\/\/staging.everbridge.com\/de\/einsatzgebiete\/alleinarbeiterschutz\/","link_text":"Read more"},"get_external_url":"https:\/\/staging.everbridge.com\/de\/einsatzgebiete\/alleinarbeiterschutz\/","get_external_title":"Read more","get_term_title":{"author":"msumner"},"_links":{"self":[{"href":"https:\/\/staging.everbridge.com\/de\/wp-json\/wp\/v2\/pages\/92394","targetHints":{"allow":["GET"]}}],"collection":[{"href":"https:\/\/staging.everbridge.com\/de\/wp-json\/wp\/v2\/pages"}],"about":[{"href":"https:\/\/staging.everbridge.com\/de\/wp-json\/wp\/v2\/types\/page"}],"author":[{"embeddable":true,"href":"https:\/\/staging.everbridge.com\/de\/wp-json\/wp\/v2\/users\/167"}],"replies":[{"embeddable":true,"href":"https:\/\/staging.everbridge.com\/de\/wp-json\/wp\/v2\/comments?post=92394"}],"version-history":[{"count":0,"href":"https:\/\/staging.everbridge.com\/de\/wp-json\/wp\/v2\/pages\/92394\/revisions"}],"up":[{"embeddable":true,"href":"https:\/\/staging.everbridge.com\/de\/wp-json\/wp\/v2\/pages\/92408"}],"wp:attachment":[{"href":"https:\/\/staging.everbridge.com\/de\/wp-json\/wp\/v2\/media?parent=92394"}],"wp:term":[{"taxonomy":"author","embeddable":true,"href":"https:\/\/staging.everbridge.com\/de\/wp-json\/wp\/v2\/coauthors?post=92394"}],"curies":[{"name":"wp","href":"https:\/\/api.w.org\/{rel}","templated":true}]}}