{"id":92127,"date":"2023-11-28T21:41:29","date_gmt":"2023-11-28T21:41:29","guid":{"rendered":"https:\/\/staging.everbridge.com\/de\/?page_id=92127"},"modified":"2025-04-14T11:58:16","modified_gmt":"2025-04-14T11:58:16","slug":"demo","status":"publish","type":"page","link":"https:\/\/staging.everbridge.com\/de\/demo\/","title":{"rendered":"Vereinbaren Sie eine Demo"},"content":{"rendered":"\n<div class=\"wp-block-columns demo-header is-layout-flex wp-container-core-columns-is-layout-9d6595d7 wp-block-columns-is-layout-flex\">\n<div class=\"wp-block-column is-layout-flow wp-block-column-is-layout-flow\">\n<h1 class=\"wp-block-heading has-text-align-center\" id=\"h-vereinbaren-sie-eine-demo\">Vereinbaren Sie eine Demo<\/h1>\n\n\n\n<h2 class=\"wp-block-heading has-text-align-center has-eb-medium-font-size\" id=\"h-starken-sie-die-organisatorische-widerstandsfahigkeit-erfahren-sie-was-everbridge-fur-sie-tun-kann\">St\u00e4rken Sie die organisatorische Widerstandsf\u00e4higkeit. Erfahren Sie, was Everbridge f\u00fcr Sie tun kann.<\/h2>\n<\/div>\n<\/div>\n\n\n\n<div class=\"wp-block-columns demo-cols is-layout-flex wp-container-core-columns-is-layout-9d6595d7 wp-block-columns-is-layout-flex\">\n<div class=\"wp-block-column has-ffffff-background-color has-background is-layout-flow wp-block-column-is-layout-flow\">\n<h3 class=\"wp-block-heading has-text-align-center\" id=\"h-erzahlen-sie-uns-etwas-uber-sich\">Erz\u00e4hlen Sie uns etwas \u00fcber sich<\/h3>\n\n\n<div class=\"marketo-form-wrap\"><form id=\"mktoForm_4335\" class=\"everbridge-form \"><\/form><div id=\"mktoForm_4335_fallback\" class=\"marketo-form-fallback\" style=\"display:none;\"><p class=\"marketo-form-fallback__message\">Unable to load form. This may be due to tracking protection, Firefox set to Strict security mode, or JavaScript being disabled. Please adjust your browser settings or contact us directly at <a href=\"tel:+18883664911\">+1 (888) 366-4911<\/a> or <a href=\"mailto:americasbdrleaders@everbridge.com\">americasbdrleaders@everbridge.com<\/a>.<\/p><\/div><\/div>\n<\/div>\n\n\n\n<div class=\"wp-block-column is-layout-flow wp-block-column-is-layout-flow\">\n<h3 class=\"wp-block-heading has-text-align-center\" id=\"h-und-das-konnen-sie-erwarten\">Und das k\u00f6nnen Sie erwarten:<\/h3>\n\n\n\n<div><style>.demo-cols .wp-block-column {padding: 2.5rem;} .demo-cols .wp-block-column:last-child {border: 1px solid #80949E;}.demo-header {padding: 5rem 0 0;} .wp-block-column:last-child {}.check-icon-row {padding: 1.5rem 0 1.5rem 4rem; position: relative; display: block; border-bottom: 1px solid #000; min-height: 50px;} .check-icon-row:last-child {border: 0;} .check-icon-row::before {content: url(https:\/\/staging.everbridge.com\/wp-content\/uploads\/2023\/03\/Icon-Steps-Completed-Black.svg); vertical-align: middle; position: absolute; left: 0;} .everbridge-form.mktoForm {padding-bottom: 0;} .demo-cols {padding: 5rem 0;}@media(max-width: 1199px){.logo-wall-grid-layout-pattern-rebrand .logo-grid-items .wp-block-image img{max-width:235px}}<\/style>\n    <div class=\"check-icon-row\">Wir setzen uns in K\u00fcrze mit Ihnen in Verbindung.<\/div>\n    <div class=\"check-icon-row\">Sie erhalten eine einst\u00fcndige personalisierte Demo von einem unserer Experten.<\/div>\n    <div class=\"check-icon-row\">Wir machen Sie in k\u00fcrzester Zeit mit einem speziell auf Sie abgestimmten Programm fit!<\/div>\n<\/div>\n<\/div>\n<\/div>\n\n\n\n<div style=\"background-color: #ffffff;padding: 5rem 0;\"><style>#main-content{background-color: #ECEFF1;}<\/style>\n<div class=\"is-layout-flex wp-container-21 wp-block-columns\">\n<div class=\"is-layout-flow wp-block-column has-text-align-center\">\n<h3 id=\"h-see-our-customer-reviews-on-g2\" style=\"padding-bottom: 2.5rem\"><a href=\"https:\/\/www.g2.com\/products\/everbridge-everbridge-mass-notification\/reviews?utm_source=review-widget\" target=\"_blank\" rel=\"noopener\">Lesen Sie die Rezensionen unserer Kunden auf G2<\/a><\/h3>\n<div class=\"is-layout-flex wp-container-27 wp-block-columns\" style=\"text-align: left\">\n<div class=\"is-layout-flow wp-block-column\">\n<figure class=\"wp-block-image size-fullwp-block-image size-full\"><img decoding=\"async\" loading=\"lazy\" width=\"291\" height=\"138\" src=\"https:\/\/staging.everbridge.com\/wp-content\/uploads\/2023\/03\/g2-logo.png\" alt=\"Logo G2\" class=\"wp-image-94086\"><\/figure>\n<\/div>\n<div class=\"is-layout-flow wp-block-column\">\n<figure class=\"wp-block-image size-fullwp-block-image size-full\"><img decoding=\"async\" loading=\"lazy\" width=\"171\" height=\"31\" src=\"https:\/\/staging.everbridge.com\/wp-content\/uploads\/2023\/03\/G2-5Stars-Blue.png\" alt=\"G2 5stars Blue\" class=\"wp-image-94085\"><\/figure>\n<p class=\"\"><a href=\"https:\/\/www.g2.com\/survey_responses\/everbridge-mass-notification-review-5080832\" target=\"_blank\" rel=\"noopener\">\u201eMit Everbridge kommen unsere Benachrichtigung leicht und m\u00fchelos an.\u201c<\/a><\/p>\n<p class=\"\"><strong><a href=\"https:\/\/www.g2.com\/survey_responses\/everbridge-mass-notification-review-5080832\" target=\"_blank\" rel=\"noopener\">Brenda G.<\/a><\/strong><\/p>\n<\/div><div class=\"is-layout-flow wp-block-column\">\n<figure class=\"wp-block-image size-fullwp-block-image size-full\"><img decoding=\"async\" loading=\"lazy\" width=\"171\" height=\"31\" src=\"https:\/\/staging.everbridge.com\/wp-content\/uploads\/2023\/03\/G2-5Stars-Blue.png\" alt=\"G2 5stars Blue\" class=\"wp-image-94085\"><\/figure>\n<p class=\"\"><a href=\"https:\/\/www.g2.com\/products\/everbridge-everbridge-mass-notification\/reviews\/everbridge-mass-notification-review-5436500\" target=\"_blank\" rel=\"noopener\">\u201eAlles, was Sie brauchen, zentral verf\u00fcgbar.\u201c<\/a><\/p>\n<p class=\"\"><strong><a href=\"https:\/\/www.g2.com\/products\/everbridge-everbridge-mass-notification\/reviews\/everbridge-mass-notification-review-5436500\" target=\"_blank\" rel=\"noopener\">Mark T.<\/a><\/strong><\/p>\n<\/div>\n<div class=\"is-layout-flow wp-block-column\">\n<figure class=\"wp-block-image size-fullwp-block-image size-full\"><img decoding=\"async\" loading=\"lazy\" width=\"171\" height=\"31\" src=\"https:\/\/staging.everbridge.com\/wp-content\/uploads\/2023\/03\/G2-5Stars-Blue.png\" alt=\"G2 5stars Blue\" class=\"wp-image-94085\"><\/figure>\n<p class=\"\"><a href=\"https:\/\/www.g2.com\/products\/everbridge-everbridge-mass-notification\/reviews\/everbridge-mass-notification-review-5434013\" target=\"_blank\" rel=\"noopener\">\u201eEinfache Benutzeroberfl\u00e4che, schnell reagierende Website.\u201c<\/a><\/p>\n<p class=\"\"><strong><a href=\"https:\/\/www.g2.com\/products\/everbridge-everbridge-mass-notification\/reviews\/everbridge-mass-notification-review-5434013\" target=\"_blank\" rel=\"noopener\">Glen B.<\/a><\/strong><\/p>\n<\/div>\n<\/div>\n<\/div>\n<\/div>\n<\/div>\n\n\n\n<div class=\"wp-block-group logo-wall-grid-layout-pattern-rebrand has-background has-eceff-1-background-color is-layout-flow wp-block-group-is-layout-flow\">\n<div class=\"wp-block-columns logo-grid-heading is-layout-flex wp-container-core-columns-is-layout-9d6595d7 wp-block-columns-is-layout-flex\">\n<div class=\"wp-block-column is-layout-flow wp-block-column-is-layout-flow\" style=\"flex-basis:100%\">\n<h3 class=\"wp-block-heading has-text-align-center\" id=\"h-mehr-als-6-500-kunden-weltweit-setzen-auf-everbridge\">Mehr als 6.500&nbsp;Kunden weltweit setzen auf Everbridge<\/h3>\n<\/div>\n<\/div>\n\n\n\n<div class=\"wp-block-columns logo-grid-items is-layout-flex wp-container-core-columns-is-layout-9d6595d7 wp-block-columns-is-layout-flex\">\n<div class=\"wp-block-column is-layout-flow wp-block-column-is-layout-flow\">\n<figure class=\"wp-block-image size-full has-text-align-center\"><img decoding=\"async\" src=\"https:\/\/staging.everbridge.com\/wp-content\/uploads\/2023\/03\/Santander_Logotipo.svg\" alt=\"Logo Santander\" class=\"wp-image-94020\"\/><\/figure>\n\n\n\n<figure class=\"wp-block-image size-full has-text-align-center\"><img decoding=\"async\" src=\"https:\/\/staging.everbridge.com\/wp-content\/uploads\/2023\/03\/Goldman_Sachs_Signature.svg\" alt=\"Signature Goldman Sachs\" class=\"wp-image-94021\"\/><\/figure>\n\n\n\n<figure class=\"wp-block-image size-full has-text-align-center\"><img decoding=\"async\" src=\"https:\/\/staging.everbridge.com\/wp-content\/uploads\/2023\/03\/Sanofi-2022.svg\" alt=\"Sanofi 2022\" class=\"wp-image-94025\"\/><\/figure>\n\n\n\n<figure class=\"wp-block-image size-full has-text-align-center\"><img decoding=\"async\" src=\"https:\/\/staging.everbridge.com\/wp-content\/uploads\/2023\/03\/siemens-logo-default.svg\" alt=\"Logo Siemens\" class=\"wp-image-94023\"\/><\/figure>\n\n\n\n<figure class=\"wp-block-image size-full has-text-align-center\"><img decoding=\"async\" src=\"https:\/\/staging.everbridge.com\/wp-content\/uploads\/2023\/03\/takeda_logo.svg\" alt=\"Logo Takeda\" class=\"wp-image-94024\"\/><\/figure>\n<\/div>\n<\/div>\n<\/div>\n\n\n\n<style> form {--clr-primary-300: hsl(227, 89%, 58%);--clr-primary-400: hsl(228, 81%, 42%);--clr-neutral-100: hsl(0, 0%, 100%);--clr-neutral-700: hsl(201, 19%, 33%);--clr-neutral-900: hsl(0, 0%, 0%);--clr-accent-6: hsl(354, 75%, 40%);--size-300: 0.75rem;--size-400: 1rem;--size-500: 1.5rem;--size-600: 2rem;--fw-medium: 500;--three-spaces: '\\00a0\\00a0\\00a0';}.everbridge-form.mktoForm {visibility: hidden;}.everbridge-form.mktoForm[data-styles-ready='true'] {visibility: visible;}.everbridge-form.mktoForm .mktoFormRow[data-wrapper-for] {display: grid;grid-template-columns: repeat(2, minmax(min-content, 400px));gap: 2.5rem;margin-block: 1rem;}.everbridge-form.mktoForm .mktoFieldDescriptor.mktoFormCol {width: revert;}:is(.mktoFormRow[data-wrapper-for='Form_Comments__c'], .mktoFormRow[data-wrapper-for='SurveyQuestion1'], .mktoFormRow[data-wrapper-for='cASLOptInCheck'], .mktoFormRow[data-wrapper-for='gDPROptIn']) .mktoFormCol {grid-column: 1\/-1;}.everbridge-form.mktoForm .mktoButtonRow {margin-top: 2rem;}.everbridge-form.mktoForm .mktoRequiredField .mktoAsterix, .everbridge-form.mktoForm .mktoGutter, .everbridge-form.mktoForm .mktoLabel {display: none !important;}#LblcASLOptInCheck, #LblgDPROptIn {display: block !important;color: var(--clr-neutral-700);font-size: var(--size-300);}.everbridge-form.mktoForm label {font-weight: var(--fw-medium) !important;}.everbridge-form.mktoForm label em {font-style: inherit;}:is(.mktoFormRow[data-wrapper-for='cASLOptInCheck'], .mktoFormRow[data-wrapper-for='gDPROptIn']) .mktoFieldWrap {display: flex;flex-direction: row-reverse;gap: 0.5rem;}.everbridge-form.mktoForm .mktoFieldDescriptor.mktoFormCol .mktoFieldWrap .mktoCheckboxList input {position: revert;}.everbridge-form.mktoForm input[type='url'], .everbridge-form.mktoForm input[type='text'], .everbridge-form.mktoForm input[type='date'], .everbridge-form.mktoForm input[type='tel'], .everbridge-form.mktoForm input[type='email'], .everbridge-form.mktoForm input[type='number'], .everbridge-form.mktoForm textarea.mktoField, .everbridge-form.mktoForm select.mktoField {width: 100% !important;line-height: 2.8125rem;box-sizing: border-box;font-family: Inter, sans-serif;border: 1px solid #1e1e1e;font-size: 1rem !important;padding: 0 0 0 0.5rem;background: transparent;}.mktoRequired::after {content: '\\0000a0*';}.everbridge-form.mktoForm select {-webkit-appearance: none;border-radius: 0px;-moz-appearance: none;height: 2.75rem;}.everbridge-form.mktoForm ::placeholder, .everbridge-form.mktoForm select:invalid, .everbridge-form.mktoForm select option[value=''] {color: var(--clr-neutral-900);opacity: 1;}.everbridge-form.mktoForm option:not(:first-of-type) {color: var(--clr-neutral-900);}.everbridge-form.mktoForm .mktoButtonRow .mktoButtonWrap button.mktoButton {background: var(--clr-primary-400);background-image: none;border: none;border-radius: 2px;font-size: 1rem;font-weight: var(--fw-medium);color: var(--clr-neutral-100);line-height: 1.25;padding: 1.125rem 1.25rem !important;margin: 0;text-transform: none;}.everbridge-form.mktoForm .mktoButtonRow .mktoButtonWrap button.mktoButton::after {content: var(--three-spaces) '\\002192';}.everbridge-form.mktoForm .mktoButtonRow .mktoButtonWrap button.mktoButton:is(:hover, :focus) {background-color: var(--clr-primary-300);border: none;transition: all 0.3s ease-out;}.everbridge-form.mktoForm .mktoError {position: absolute;z-index: 99;right: inherit !important;bottom: inherit !important;margin-top: -8px !important;}.everbridge-form.mktoForm .mktoError .mktoErrorArrow {background-color: var(--clr-accent-6);border-right: none;border-bottom: none;display: inline-block;height: var(--size-400);-webkit-transform: rotate(45deg);-moz-transform: rotate(45deg);transform: rotate(45deg);-ms-transform: rotate(45deg);width: var(--size-400);margin-top: 3px;}.everbridge-form.mktoForm .mktoError .mktoErrorMsg {display: block;margin-top: 8px;background-color: var(--clr-accent-6);font-size: var(--size-300);font-weight: var(--fw-medium);color: var(--clr-neutral-100);max-width: 16em;padding: 0.4em 0.6em;}.everbridge-form.mktoForm .mktoError .mktoErrorArrowWrap {width: var(--size-400);height: 8px;overflow: hidden;position: absolute;top: 0;left: 10px;z-index: 100;}.everbridge-form.mktoForm .mktoFormRow .mktoFormCol:nth-child(2) {padding: 0;}@media only screen and (max-width: 35em) {.everbridge-form.mktoForm .mktoFormRow[data-wrapper-for] {grid-template-columns: 1fr;gap: 1rem;}}<\/style>\n\n<script type=\"text\/javascript\" id=\"\">function destyleMktoForm(b,c){var a=getSelection.call.bind([].slice),e=a(b.querySelectorAll(\"[style]\")).concat(b);e.forEach(function(d){d.removeAttribute(\"style\")});a=a(document.styleSheets);a.forEach(function(d){if(-1!=[mktoForms2BaseStyle,mktoForms2ThemeStyle].indexOf(d.ownerNode)||b.contains(d.ownerNode))d.disabled=!0});c||(b.setAttribute(\"data-styles-ready\",\"true\"),console.log(\"Marketo form styles ready at: \"+performance.now()))}\nMktoForms2.whenRendered(function(b){b=b.getFormElem()[0];destyleMktoForm(b);Array.from(document.querySelectorAll(\".mktoAsterix, .mktoOffset, .mktoGutter, .mktoClear\")).forEach(function(c){c.remove()});[\"#Country\",\"#Industry\"].forEach(function(c){var a=document.querySelector(c+\" option:first-child\");a&&(a.setAttribute(\"selected\",\"\"),a.setAttribute(\"disabled\",\"\"),a.setAttribute(\"hidden\",\"\"),0===a.text.indexOf(\"Select\")&&(a.text=c.substr(1)+\"*\"))});b=Array.from(b.querySelectorAll(\".mktoFormRow\"));b.forEach(function(c){var a=\nc.querySelector(\".mktoField\");a&&\"hidden\"!==a.getAttribute(\"type\")&&c.setAttribute(\"data-wrapper-for\",a.getAttribute(\"name\"))})});<\/script>\n","protected":false},"excerpt":{"rendered":"<p>Vereinbaren Sie eine Demo St\u00e4rken Sie die organisatorische Widerstandsf\u00e4higkeit. Erfahren Sie, was Everbridge f\u00fcr Sie tun kann. Erz\u00e4hlen Sie uns\u2026 <\/p>\n","protected":false},"author":18,"featured_media":0,"parent":0,"menu_order":0,"comment_status":"closed","ping_status":"closed","template":"","meta":{"_trash_the_other_posts":false,"_hide_footer":false,"resource_type":[],"editor_notices":[],"footnotes":"","page_schemas":[]},"coauthors":[98],"class_list":["post-92127","page","type-page","status-publish","hentry"],"yoast_primary_category":{"author":"kwhite"},"featured_image_src":null,"yoast_head":"<!-- This site is optimized with the Yoast SEO plugin v27.3 - https:\/\/yoast.com\/product\/yoast-seo-wordpress\/ -->\n<title>Vereinbaren Sie eine Demo - Everbridge - Deutsch<\/title>\n<meta name=\"robots\" content=\"index, follow, max-snippet:-1, max-image-preview:large, max-video-preview:-1\" \/>\n<link rel=\"canonical\" href=\"https:\/\/staging.everbridge.com\/de\/demo\/\" \/>\n<meta property=\"og:locale\" content=\"de_DE\" \/>\n<meta property=\"og:type\" content=\"article\" \/>\n<meta property=\"og:title\" content=\"Vereinbaren Sie eine Demo - Everbridge - Deutsch\" \/>\n<meta property=\"og:description\" content=\"Vereinbaren Sie eine Demo St\u00e4rken Sie die organisatorische Widerstandsf\u00e4higkeit. Erfahren Sie, was Everbridge f\u00fcr Sie tun kann. Erz\u00e4hlen Sie uns\u2026\" \/>\n<meta property=\"og:url\" content=\"https:\/\/staging.everbridge.com\/de\/demo\/\" \/>\n<meta property=\"og:site_name\" content=\"Everbridge - Deutsch\" \/>\n<meta property=\"article:modified_time\" content=\"2025-04-14T11:58:16+00:00\" \/>\n<meta name=\"twitter:card\" content=\"summary_large_image\" \/>\n<meta name=\"twitter:label1\" content=\"Est. reading time\" \/>\n\t<meta name=\"twitter:data1\" content=\"3 minutes\" \/>\n\t<meta name=\"twitter:label2\" content=\"Written by\" \/>\n\t<meta name=\"twitter:data2\" content=\"Kim White\" \/>\n<script type=\"application\/ld+json\" class=\"yoast-schema-graph\">{\"@context\":\"https:\\\/\\\/schema.org\",\"@graph\":[{\"@type\":\"WebPage\",\"@id\":\"https:\\\/\\\/staging.everbridge.com\\\/de\\\/demo\\\/\",\"url\":\"https:\\\/\\\/staging.everbridge.com\\\/de\\\/demo\\\/\",\"name\":\"Vereinbaren Sie eine Demo - Everbridge - Deutsch\",\"isPartOf\":{\"@id\":\"https:\\\/\\\/staging.everbridge.com\\\/de\\\/#website\"},\"primaryImageOfPage\":{\"@id\":\"https:\\\/\\\/staging.everbridge.com\\\/de\\\/demo\\\/#primaryimage\"},\"image\":{\"@id\":\"https:\\\/\\\/staging.everbridge.com\\\/de\\\/demo\\\/#primaryimage\"},\"thumbnailUrl\":\"https:\\\/\\\/staging.everbridge.com\\\/wp-content\\\/uploads\\\/2023\\\/03\\\/g2-logo.png\",\"datePublished\":\"2023-11-28T21:41:29+00:00\",\"dateModified\":\"2025-04-14T11:58:16+00:00\",\"breadcrumb\":{\"@id\":\"https:\\\/\\\/staging.everbridge.com\\\/de\\\/demo\\\/#breadcrumb\"},\"inLanguage\":\"de-DE\",\"potentialAction\":[{\"@type\":\"ReadAction\",\"target\":[\"https:\\\/\\\/staging.everbridge.com\\\/de\\\/demo\\\/\"]}]},{\"@type\":\"ImageObject\",\"inLanguage\":\"de-DE\",\"@id\":\"https:\\\/\\\/staging.everbridge.com\\\/de\\\/demo\\\/#primaryimage\",\"url\":\"https:\\\/\\\/staging.everbridge.com\\\/wp-content\\\/uploads\\\/2023\\\/03\\\/g2-logo.png\",\"contentUrl\":\"https:\\\/\\\/staging.everbridge.com\\\/wp-content\\\/uploads\\\/2023\\\/03\\\/g2-logo.png\"},{\"@type\":\"BreadcrumbList\",\"@id\":\"https:\\\/\\\/staging.everbridge.com\\\/de\\\/demo\\\/#breadcrumb\",\"itemListElement\":[{\"@type\":\"ListItem\",\"position\":1,\"name\":\"Home\",\"item\":\"https:\\\/\\\/staging.everbridge.com\\\/de\\\/\"},{\"@type\":\"ListItem\",\"position\":2,\"name\":\"Vereinbaren Sie eine Demo\"}]},{\"@type\":\"WebSite\",\"@id\":\"https:\\\/\\\/staging.everbridge.com\\\/de\\\/#website\",\"url\":\"https:\\\/\\\/staging.everbridge.com\\\/de\\\/\",\"name\":\"Everbridge - Deutsch\",\"description\":\"Just another staging.everbridge.com site\",\"publisher\":{\"@id\":\"https:\\\/\\\/staging.everbridge.com\\\/de\\\/#organization\"},\"potentialAction\":[{\"@type\":\"SearchAction\",\"target\":{\"@type\":\"EntryPoint\",\"urlTemplate\":\"https:\\\/\\\/staging.everbridge.com\\\/de\\\/?s={search_term_string}\"},\"query-input\":{\"@type\":\"PropertyValueSpecification\",\"valueRequired\":true,\"valueName\":\"search_term_string\"}}],\"inLanguage\":\"de-DE\"},{\"@type\":\"Organization\",\"@id\":\"https:\\\/\\\/staging.everbridge.com\\\/de\\\/#organization\",\"name\":\"Everbridge - Deutsch\",\"url\":\"https:\\\/\\\/staging.everbridge.com\\\/de\\\/\",\"logo\":{\"@type\":\"ImageObject\",\"inLanguage\":\"de-DE\",\"@id\":\"https:\\\/\\\/staging.everbridge.com\\\/de\\\/#\\\/schema\\\/logo\\\/image\\\/\",\"url\":\"https:\\\/\\\/staging.everbridge.com\\\/de\\\/wp-content\\\/uploads\\\/sites\\\/4\\\/2023\\\/03\\\/EVBG-Logo-Full-Color-RGB.svg\",\"contentUrl\":\"https:\\\/\\\/staging.everbridge.com\\\/de\\\/wp-content\\\/uploads\\\/sites\\\/4\\\/2023\\\/03\\\/EVBG-Logo-Full-Color-RGB.svg\",\"width\":1568,\"height\":310,\"caption\":\"Everbridge - Deutsch\"},\"image\":{\"@id\":\"https:\\\/\\\/staging.everbridge.com\\\/de\\\/#\\\/schema\\\/logo\\\/image\\\/\"}}]}<\/script>\n<!-- \/ Yoast SEO plugin. -->","yoast_head_json":{"title":"Vereinbaren Sie eine Demo - Everbridge - Deutsch","robots":{"index":"index","follow":"follow","max-snippet":"max-snippet:-1","max-image-preview":"max-image-preview:large","max-video-preview":"max-video-preview:-1"},"canonical":"https:\/\/staging.everbridge.com\/de\/demo\/","og_locale":"de_DE","og_type":"article","og_title":"Vereinbaren Sie eine Demo - Everbridge - Deutsch","og_description":"Vereinbaren Sie eine Demo St\u00e4rken Sie die organisatorische Widerstandsf\u00e4higkeit. Erfahren Sie, was Everbridge f\u00fcr Sie tun kann. Erz\u00e4hlen Sie uns\u2026","og_url":"https:\/\/staging.everbridge.com\/de\/demo\/","og_site_name":"Everbridge - Deutsch","article_modified_time":"2025-04-14T11:58:16+00:00","twitter_card":"summary_large_image","twitter_misc":{"Est. reading time":"3 minutes","Written by":"Kim White"},"schema":{"@context":"https:\/\/schema.org","@graph":[{"@type":"WebPage","@id":"https:\/\/staging.everbridge.com\/de\/demo\/","url":"https:\/\/staging.everbridge.com\/de\/demo\/","name":"Vereinbaren Sie eine Demo - Everbridge - Deutsch","isPartOf":{"@id":"https:\/\/staging.everbridge.com\/de\/#website"},"primaryImageOfPage":{"@id":"https:\/\/staging.everbridge.com\/de\/demo\/#primaryimage"},"image":{"@id":"https:\/\/staging.everbridge.com\/de\/demo\/#primaryimage"},"thumbnailUrl":"https:\/\/staging.everbridge.com\/wp-content\/uploads\/2023\/03\/g2-logo.png","datePublished":"2023-11-28T21:41:29+00:00","dateModified":"2025-04-14T11:58:16+00:00","breadcrumb":{"@id":"https:\/\/staging.everbridge.com\/de\/demo\/#breadcrumb"},"inLanguage":"de-DE","potentialAction":[{"@type":"ReadAction","target":["https:\/\/staging.everbridge.com\/de\/demo\/"]}]},{"@type":"ImageObject","inLanguage":"de-DE","@id":"https:\/\/staging.everbridge.com\/de\/demo\/#primaryimage","url":"https:\/\/staging.everbridge.com\/wp-content\/uploads\/2023\/03\/g2-logo.png","contentUrl":"https:\/\/staging.everbridge.com\/wp-content\/uploads\/2023\/03\/g2-logo.png"},{"@type":"BreadcrumbList","@id":"https:\/\/staging.everbridge.com\/de\/demo\/#breadcrumb","itemListElement":[{"@type":"ListItem","position":1,"name":"Home","item":"https:\/\/staging.everbridge.com\/de\/"},{"@type":"ListItem","position":2,"name":"Vereinbaren Sie eine Demo"}]},{"@type":"WebSite","@id":"https:\/\/staging.everbridge.com\/de\/#website","url":"https:\/\/staging.everbridge.com\/de\/","name":"Everbridge - Deutsch","description":"Just another staging.everbridge.com site","publisher":{"@id":"https:\/\/staging.everbridge.com\/de\/#organization"},"potentialAction":[{"@type":"SearchAction","target":{"@type":"EntryPoint","urlTemplate":"https:\/\/staging.everbridge.com\/de\/?s={search_term_string}"},"query-input":{"@type":"PropertyValueSpecification","valueRequired":true,"valueName":"search_term_string"}}],"inLanguage":"de-DE"},{"@type":"Organization","@id":"https:\/\/staging.everbridge.com\/de\/#organization","name":"Everbridge - Deutsch","url":"https:\/\/staging.everbridge.com\/de\/","logo":{"@type":"ImageObject","inLanguage":"de-DE","@id":"https:\/\/staging.everbridge.com\/de\/#\/schema\/logo\/image\/","url":"https:\/\/staging.everbridge.com\/de\/wp-content\/uploads\/sites\/4\/2023\/03\/EVBG-Logo-Full-Color-RGB.svg","contentUrl":"https:\/\/staging.everbridge.com\/de\/wp-content\/uploads\/sites\/4\/2023\/03\/EVBG-Logo-Full-Color-RGB.svg","width":1568,"height":310,"caption":"Everbridge - Deutsch"},"image":{"@id":"https:\/\/staging.everbridge.com\/de\/#\/schema\/logo\/image\/"}}]}},"get_extra_meta_fields":{"date_format":"F j, Y","is_summary":false,"description":"Vereinbaren Sie eine Demo St\u00e4rken Sie die organisatorische Widerstandsf\u00e4higkeit. Erfahren Sie, was Everbridge f\u00fcr Sie tun kann. Erz\u00e4hlen Sie uns\u2026 ","external_url":"https:\/\/staging.everbridge.com\/de\/demo\/","link_text":"Read more"},"get_external_url":"https:\/\/staging.everbridge.com\/de\/demo\/","get_external_title":"Read more","get_term_title":{"author":"kwhite"},"_links":{"self":[{"href":"https:\/\/staging.everbridge.com\/de\/wp-json\/wp\/v2\/pages\/92127","targetHints":{"allow":["GET"]}}],"collection":[{"href":"https:\/\/staging.everbridge.com\/de\/wp-json\/wp\/v2\/pages"}],"about":[{"href":"https:\/\/staging.everbridge.com\/de\/wp-json\/wp\/v2\/types\/page"}],"author":[{"embeddable":true,"href":"https:\/\/staging.everbridge.com\/de\/wp-json\/wp\/v2\/users\/18"}],"replies":[{"embeddable":true,"href":"https:\/\/staging.everbridge.com\/de\/wp-json\/wp\/v2\/comments?post=92127"}],"version-history":[{"count":1,"href":"https:\/\/staging.everbridge.com\/de\/wp-json\/wp\/v2\/pages\/92127\/revisions"}],"predecessor-version":[{"id":92194,"href":"https:\/\/staging.everbridge.com\/de\/wp-json\/wp\/v2\/pages\/92127\/revisions\/92194"}],"wp:attachment":[{"href":"https:\/\/staging.everbridge.com\/de\/wp-json\/wp\/v2\/media?parent=92127"}],"wp:term":[{"taxonomy":"author","embeddable":true,"href":"https:\/\/staging.everbridge.com\/de\/wp-json\/wp\/v2\/coauthors?post=92127"}],"curies":[{"name":"wp","href":"https:\/\/api.w.org\/{rel}","templated":true}]}}